{"id":36,"date":"2025-04-10T03:08:22","date_gmt":"2025-04-10T02:08:22","guid":{"rendered":"https:\/\/palaisdegloire.org\/?page_id=36"},"modified":"2025-07-23T12:02:10","modified_gmt":"2025-07-23T11:02:10","slug":"lumiere-davenir","status":"publish","type":"page","link":"https:\/\/palaisdegloire.org\/?page_id=36","title":{"rendered":"Graine de gloire"},"content":{"rendered":"\t\t<div data-elementor-type=\"wp-page\" data-elementor-id=\"36\" class=\"elementor elementor-36\" data-elementor-post-type=\"page\">\n\t\t\t\t<div class=\"elementor-element elementor-element-94d3fae e-flex e-con-boxed e-con e-parent\" data-id=\"94d3fae\" data-element_type=\"container\">\n\t\t\t\t\t<div class=\"e-con-inner\">\n\t\t\t\t<div class=\"elementor-element elementor-element-fa8cbb7 elementor-widget elementor-widget-image\" data-id=\"fa8cbb7\" data-element_type=\"widget\" data-widget_type=\"image.default\">\n\t\t\t\t<div class=\"elementor-widget-container\">\n\t\t\t\t\t\t\t\t\t\t\t\t\t\t\t<img fetchpriority=\"high\" decoding=\"async\" width=\"1022\" height=\"662\" src=\"https:\/\/palaisdegloire.org\/wp-content\/uploads\/2025\/04\/Home-1.png\" class=\"attachment-large size-large wp-image-566\" alt=\"\" srcset=\"https:\/\/palaisdegloire.org\/wp-content\/uploads\/2025\/04\/Home-1.png 1022w, https:\/\/palaisdegloire.org\/wp-content\/uploads\/2025\/04\/Home-1-300x194.png 300w, https:\/\/palaisdegloire.org\/wp-content\/uploads\/2025\/04\/Home-1-768x497.png 768w\" sizes=\"(max-width: 1022px) 100vw, 1022px\" \/>\t\t\t\t\t\t\t\t\t\t\t\t\t\t\t<\/div>\n\t\t\t\t<\/div>\n\t\t\t\t\t<\/div>\n\t\t\t\t<\/div>\n\t\t<div class=\"elementor-element elementor-element-99fc5d1 e-flex e-con-boxed e-con e-parent\" data-id=\"99fc5d1\" data-element_type=\"container\">\n\t\t\t\t\t<div class=\"e-con-inner\">\n\t\t\t\t<div class=\"elementor-element elementor-element-5320796 elementor-widget__width-initial elementor-widget elementor-widget-icon-box\" data-id=\"5320796\" data-element_type=\"widget\" data-widget_type=\"icon-box.default\">\n\t\t\t\t<div class=\"elementor-widget-container\">\n\t\t\t\t\t\t\t<div class=\"elementor-icon-box-wrapper\">\n\n\t\t\t\n\t\t\t\t\t\t<div class=\"elementor-icon-box-content\">\n\n\t\t\t\t\t\t\t\t\t<h3 class=\"elementor-icon-box-title\">\n\t\t\t\t\t\t<span  >\n\t\t\t\t\t\t\tProgramme de scolarisation et d\u2019encadrement des enfants d\u00e9munis et en situation de vuln\u00e9rabilit\u00e9 \u00e0 S\u00e8m\u00e8 Agongo\t\t\t\t\t\t<\/span>\n\t\t\t\t\t<\/h3>\n\t\t\t\t\n\t\t\t\t\t\t\t\t\t<p class=\"elementor-icon-box-description\">\n\t\t\t\t\t\tChaque enfant est une semence pr\u00e9cieuse, porteuse d\u2019un potentiel divin. Le projet Graines de Gloire s\u2019inscrit dans la vision de l\u2019\u00c9glise Le Palais de Gloire d\u2019\u00e9lever une g\u00e9n\u00e9ration d\u2019enfants en situation de pr\u00e9carit\u00e9, souvent oubli\u00e9s ou rejet\u00e9s, en leur offrant les soins, l\u2019\u00e9ducation et l\u2019amour n\u00e9cessaires pour qu\u2019ils germent, croissent et portent du fruit pour la gloire de Dieu.\n\n\t\t\t\t\t<\/p>\n\t\t\t\t\n\t\t\t<\/div>\n\t\t\t\n\t\t<\/div>\n\t\t\t\t\t\t<\/div>\n\t\t\t\t<\/div>\n\t\t\t\t\t<\/div>\n\t\t\t\t<\/div>\n\t\t<div class=\"elementor-element elementor-element-932275e e-flex e-con-boxed e-con e-parent\" data-id=\"932275e\" data-element_type=\"container\">\n\t\t\t\t\t<div class=\"e-con-inner\">\n\t\t\t\t\t<\/div>\n\t\t\t\t<\/div>\n\t\t<div class=\"elementor-element elementor-element-3ab2fd67 e-con-full e-flex e-con e-parent\" data-id=\"3ab2fd67\" data-element_type=\"container\" data-settings=\"{&quot;background_background&quot;:&quot;gradient&quot;}\">\n\t\t<div class=\"elementor-element elementor-element-616cf212 e-con-full e-flex e-con e-child\" data-id=\"616cf212\" data-element_type=\"container\">\n\t\t\t\t<div class=\"elementor-element elementor-element-cfafa24 elementor-list-item-link-full_width elementor-widget elementor-widget-icon-list\" data-id=\"cfafa24\" data-element_type=\"widget\" data-widget_type=\"icon-list.default\">\n\t\t\t\t<div class=\"elementor-widget-container\">\n\t\t\t\t\t\t\t<ul class=\"elementor-icon-list-items\">\n\t\t\t\t\t\t\t<li class=\"elementor-icon-list-item\">\n\t\t\t\t\t\t\t\t\t\t\t<span class=\"elementor-icon-list-icon\">\n\t\t\t\t\t\t\t<svg aria-hidden=\"true\" class=\"e-font-icon-svg e-fas-check-circle\" viewBox=\"0 0 512 512\" xmlns=\"http:\/\/www.w3.org\/2000\/svg\"><path d=\"M504 256c0 136.967-111.033 248-248 248S8 392.967 8 256 119.033 8 256 8s248 111.033 248 248zM227.314 387.314l184-184c6.248-6.248 6.248-16.379 0-22.627l-22.627-22.627c-6.248-6.249-16.379-6.249-22.628 0L216 308.118l-70.059-70.059c-6.248-6.248-16.379-6.248-22.628 0l-22.627 22.627c-6.248 6.248-6.248 16.379 0 22.627l104 104c6.249 6.249 16.379 6.249 22.628.001z\"><\/path><\/svg>\t\t\t\t\t\t<\/span>\n\t\t\t\t\t\t\t\t\t\t<span class=\"elementor-icon-list-text\">Accompagner les enfants vuln\u00e9rables et lutter contre la d\u00e9scolarisation.<\/span>\n\t\t\t\t\t\t\t\t\t<\/li>\n\t\t\t\t\t\t\t\t<li class=\"elementor-icon-list-item\">\n\t\t\t\t\t\t\t\t\t\t\t<span class=\"elementor-icon-list-icon\">\n\t\t\t\t\t\t\t<svg aria-hidden=\"true\" class=\"e-font-icon-svg e-fas-check-circle\" viewBox=\"0 0 512 512\" xmlns=\"http:\/\/www.w3.org\/2000\/svg\"><path d=\"M504 256c0 136.967-111.033 248-248 248S8 392.967 8 256 119.033 8 256 8s248 111.033 248 248zM227.314 387.314l184-184c6.248-6.248 6.248-16.379 0-22.627l-22.627-22.627c-6.248-6.249-16.379-6.249-22.628 0L216 308.118l-70.059-70.059c-6.248-6.248-16.379-6.248-22.628 0l-22.627 22.627c-6.248 6.248-6.248 16.379 0 22.627l104 104c6.249 6.249 16.379 6.249 22.628.001z\"><\/path><\/svg>\t\t\t\t\t\t<\/span>\n\t\t\t\t\t\t\t\t\t\t<span class=\"elementor-icon-list-text\">Leur offrir un suivi spirituel, \u00e9ducatif et \u00e9motionnel..<\/span>\n\t\t\t\t\t\t\t\t\t<\/li>\n\t\t\t\t\t\t\t\t<li class=\"elementor-icon-list-item\">\n\t\t\t\t\t\t\t\t\t\t\t<span class=\"elementor-icon-list-icon\">\n\t\t\t\t\t\t\t<svg aria-hidden=\"true\" class=\"e-font-icon-svg e-fas-check-circle\" viewBox=\"0 0 512 512\" xmlns=\"http:\/\/www.w3.org\/2000\/svg\"><path d=\"M504 256c0 136.967-111.033 248-248 248S8 392.967 8 256 119.033 8 256 8s248 111.033 248 248zM227.314 387.314l184-184c6.248-6.248 6.248-16.379 0-22.627l-22.627-22.627c-6.248-6.249-16.379-6.249-22.628 0L216 308.118l-70.059-70.059c-6.248-6.248-16.379-6.248-22.628 0l-22.627 22.627c-6.248 6.248-6.248 16.379 0 22.627l104 104c6.249 6.249 16.379 6.249 22.628.001z\"><\/path><\/svg>\t\t\t\t\t\t<\/span>\n\t\t\t\t\t\t\t\t\t\t<span class=\"elementor-icon-list-text\">Pr\u00e9venir la d\u00e9linquance infantile et la marginalisation par l\u2019insertion scolaire et communautaire.<\/span>\n\t\t\t\t\t\t\t\t\t<\/li>\n\t\t\t\t\t\t\t\t<li class=\"elementor-icon-list-item\">\n\t\t\t\t\t\t\t\t\t\t\t<span class=\"elementor-icon-list-icon\">\n\t\t\t\t\t\t\t<svg aria-hidden=\"true\" class=\"e-font-icon-svg e-fas-check-circle\" viewBox=\"0 0 512 512\" xmlns=\"http:\/\/www.w3.org\/2000\/svg\"><path d=\"M504 256c0 136.967-111.033 248-248 248S8 392.967 8 256 119.033 8 256 8s248 111.033 248 248zM227.314 387.314l184-184c6.248-6.248 6.248-16.379 0-22.627l-22.627-22.627c-6.248-6.249-16.379-6.249-22.628 0L216 308.118l-70.059-70.059c-6.248-6.248-16.379-6.248-22.628 0l-22.627 22.627c-6.248 6.248-6.248 16.379 0 22.627l104 104c6.249 6.249 16.379 6.249 22.628.001z\"><\/path><\/svg>\t\t\t\t\t\t<\/span>\n\t\t\t\t\t\t\t\t\t\t<span class=\"elementor-icon-list-text\">Sensibiliser les familles et responsabiliser la communaut\u00e9<\/span>\n\t\t\t\t\t\t\t\t\t<\/li>\n\t\t\t\t\t\t<\/ul>\n\t\t\t\t\t\t<\/div>\n\t\t\t\t<\/div>\n\t\t\t\t<div class=\"elementor-element elementor-element-66ca79a elementor-widget elementor-widget-icon-box\" data-id=\"66ca79a\" data-element_type=\"widget\" data-widget_type=\"icon-box.default\">\n\t\t\t\t<div class=\"elementor-widget-container\">\n\t\t\t\t\t\t\t<div class=\"elementor-icon-box-wrapper\">\n\n\t\t\t\n\t\t\t\t\t\t<div class=\"elementor-icon-box-content\">\n\n\t\t\t\t\t\t\t\t\t<h3 class=\"elementor-icon-box-title\">\n\t\t\t\t\t\t<span  >\n\t\t\t\t\t\t\tObjectifs\t\t\t\t\t\t<\/span>\n\t\t\t\t\t<\/h3>\n\t\t\t\t\n\t\t\t\t\n\t\t\t<\/div>\n\t\t\t\n\t\t<\/div>\n\t\t\t\t\t\t<\/div>\n\t\t\t\t<\/div>\n\t\t\t\t<div class=\"elementor-element elementor-element-41e8f5e elementor-widget elementor-widget-icon-box\" data-id=\"41e8f5e\" data-element_type=\"widget\" data-widget_type=\"icon-box.default\">\n\t\t\t\t<div class=\"elementor-widget-container\">\n\t\t\t\t\t\t\t<div class=\"elementor-icon-box-wrapper\">\n\n\t\t\t\n\t\t\t\t\t\t<div class=\"elementor-icon-box-content\">\n\n\t\t\t\t\t\t\t\t\t<h3 class=\"elementor-icon-box-title\">\n\t\t\t\t\t\t<span  >\n\t\t\t\t\t\t\tMission\t\t\t\t\t\t<\/span>\n\t\t\t\t\t<\/h3>\n\t\t\t\t\n\t\t\t\t\t\t\t\t\t<p class=\"elementor-icon-box-description\">\n\t\t\t\t\t\tIdentifier, \u00e9duquer et scolariser des enfants d\u00e9munis afin de les pr\u00e9parer \u00e0 devenir des piliers de transformation pour leur communaut\u00e9, \u00e9clair\u00e9s par les valeurs de l\u2019\u00c9vangile.\t\t\t\t\t<\/p>\n\t\t\t\t\n\t\t\t<\/div>\n\t\t\t\n\t\t<\/div>\n\t\t\t\t\t\t<\/div>\n\t\t\t\t<\/div>\n\t\t\t\t<div class=\"elementor-element elementor-element-08bf785 elementor-widget elementor-widget-icon-box\" data-id=\"08bf785\" data-element_type=\"widget\" data-widget_type=\"icon-box.default\">\n\t\t\t\t<div class=\"elementor-widget-container\">\n\t\t\t\t\t\t\t<div class=\"elementor-icon-box-wrapper\">\n\n\t\t\t\n\t\t\t\t\t\t<div class=\"elementor-icon-box-content\">\n\n\t\t\t\t\t\t\t\t\t<h3 class=\"elementor-icon-box-title\">\n\t\t\t\t\t\t<span  >\n\t\t\t\t\t\t\tVision\t\t\t\t\t\t<\/span>\n\t\t\t\t\t<\/h3>\n\t\t\t\t\n\t\t\t\t\t\t\t\t\t<p class=\"elementor-icon-box-description\">\n\t\t\t\t\t\tFaire \u00e9clore le potentiel de chaque enfant vuln\u00e9rable \u00e0 S\u00e8m\u00e8 Agongo en les enracinant dans des valeurs \u00e9ducatives, spirituelles et sociales solides, afin qu\u2019ils deviennent des porteurs de lumi\u00e8re et de transformation.\t\t\t\t\t<\/p>\n\t\t\t\t\n\t\t\t<\/div>\n\t\t\t\n\t\t<\/div>\n\t\t\t\t\t\t<\/div>\n\t\t\t\t<\/div>\n\t\t\t\t<\/div>\n\t\t\t\t<\/div>\n\t\t<div class=\"elementor-element elementor-element-2da0013 e-flex e-con-boxed e-con e-parent\" data-id=\"2da0013\" data-element_type=\"container\">\n\t\t\t\t\t<div class=\"e-con-inner\">\n\t\t\t\t\t<\/div>\n\t\t\t\t<\/div>\n\t\t<div class=\"elementor-element elementor-element-011b274 e-con-full e-flex e-con e-parent\" data-id=\"011b274\" data-element_type=\"container\">\n\t\t<div class=\"elementor-element elementor-element-5834439 e-con-full e-flex e-con e-child\" data-id=\"5834439\" data-element_type=\"container\" data-settings=\"{&quot;background_background&quot;:&quot;classic&quot;}\">\n\t\t<div class=\"elementor-element elementor-element-b1b3d8f e-con-full e-flex e-con e-child\" data-id=\"b1b3d8f\" data-element_type=\"container\">\n\t\t\t\t<div class=\"elementor-element elementor-element-f37ae43 elementor-widget elementor-widget-heading\" data-id=\"f37ae43\" data-element_type=\"widget\" data-widget_type=\"heading.default\">\n\t\t\t\t<div class=\"elementor-widget-container\">\n\t\t\t\t\t<h2 class=\"elementor-heading-title elementor-size-default\">Faire un don?<\/h2>\t\t\t\t<\/div>\n\t\t\t\t<\/div>\n\t\t\t\t<div class=\"elementor-element elementor-element-3b99a4f elementor-widget elementor-widget-text-editor\" data-id=\"3b99a4f\" data-element_type=\"widget\" data-widget_type=\"text-editor.default\">\n\t\t\t\t<div class=\"elementor-widget-container\">\n\t\t\t\t\t\t\t\t\t<p style=\"text-align: center;\"><span style=\"color: #09374f;\"><strong><em>Semez aujourd\u2019hui, r\u00e9coltez pour l\u2019\u00e9ternit\u00e9.<\/em><\/strong><\/span><\/p><hr class=\"\" data-start=\"268\" data-end=\"271\" \/><p data-start=\"273\" data-end=\"294\"><strong><span style=\"color: #09374f;\">Pourquoi donner ?<\/span><\/strong><\/p><p class=\"\" data-start=\"296\" data-end=\"591\"><span style=\"color: #09374f;\">Au <em data-start=\"299\" data-end=\"317\">Palais de Gloire<\/em>, nous croyons que chaque <strong data-start=\"343\" data-end=\"362\">semence d\u2019amour<\/strong> peut produire une <strong data-start=\"381\" data-end=\"410\">moisson de transformation<\/strong>. Les projets <strong data-start=\"424\" data-end=\"446\">&#8220;Femmes de Gloire&#8221;<\/strong> et <strong data-start=\"450\" data-end=\"473\">&#8220;Graines de Gloire&#8221;<\/strong> sont des plateformes divinement inspir\u00e9es pour apporter une restauration profonde dans la commune de <strong data-start=\"575\" data-end=\"590\">S\u00e8m\u00e8 Agongo<\/strong>.<\/span><\/p><ul data-start=\"593\" data-end=\"841\"><li class=\"\" data-start=\"593\" data-end=\"716\"><p class=\"\" data-start=\"595\" data-end=\"716\"><span style=\"color: #09374f;\"><strong data-start=\"595\" data-end=\"617\">&#8220;Femmes de Gloire&#8221;<\/strong> vise l\u2019autonomisation spirituelle, \u00e9conomique et \u00e9motionnelle des femmes d\u00e9munies et c\u00e9libataires.<\/span><\/p><\/li><li class=\"\" data-start=\"717\" data-end=\"841\"><p class=\"\" data-start=\"719\" data-end=\"841\"><span style=\"color: #09374f;\"><strong data-start=\"719\" data-end=\"742\">&#8220;Graines de Gloire&#8221;<\/strong> forme, encadre et \u00e9l\u00e8ve les enfants et adolescents pour en faire des leaders fond\u00e9s sur la Parole.<\/span><\/p><\/li><\/ul><p class=\"\" data-start=\"843\" data-end=\"861\"><span style=\"color: #09374f;\">En donnant, vous :<\/span><\/p><ul><li data-start=\"863\" data-end=\"1074\"><span style=\"color: #09374f;\">Redonnez <strong data-start=\"874\" data-end=\"884\">espoir<\/strong> \u00e0 une femme oubli\u00e9e<\/span><\/li><li data-start=\"863\" data-end=\"1074\"><span style=\"color: #09374f;\">Ouvrez <strong data-start=\"916\" data-end=\"936\">un avenir solide<\/strong> \u00e0 un enfant sans rep\u00e8re<\/span><\/li><li data-start=\"863\" data-end=\"1074\"><span style=\"color: #09374f;\">Participez \u00e0 <strong data-start=\"978\" data-end=\"1012\">l\u2019extension du Royaume de Dieu<\/strong><\/span><\/li><li data-start=\"863\" data-end=\"1074\"><span style=\"color: #09374f;\">Devenez <strong data-start=\"1025\" data-end=\"1074\">partenaire dans une \u0153uvre qui glorifie Christ<\/strong><\/span><\/li><\/ul><blockquote data-start=\"1076\" data-end=\"1178\"><p class=\"\" data-start=\"1078\" data-end=\"1178\"><span style=\"color: #09374f;\"><em data-start=\"1078\" data-end=\"1178\">\u00ab Celui qui donne au pauvre pr\u00eate \u00e0 l\u2019\u00c9ternel, qui lui rendra selon son \u0153uvre. \u00bb \u2013 Proverbes 19:17<\/em><\/span><\/p><\/blockquote><hr class=\"\" data-start=\"1180\" data-end=\"1183\" \/><p data-start=\"1185\" data-end=\"1205\"><strong><span style=\"color: #09374f;\">Comment donner ?<\/span><\/strong><\/p><p class=\"\" data-start=\"1207\" data-end=\"1400\"><span style=\"color: #09374f;\">Vous pouvez soutenir ces projets par :<\/span><\/p><p class=\"\" data-start=\"1207\" data-end=\"1400\"><br data-start=\"1245\" data-end=\"1248\" \/><span style=\"color: #09374f;\"><strong>&#8211; Virement bancaire: <\/strong>Banque Atlantique Benin &#8211; IBAN: BJ115 01010 34601800008-43\u00a0 &#8211; Swift: ATBJBJBJXXX &#8211; Intitul\u00e9 du compte: ODJO Ousmane Adjaho &#8211; No du compte en XOF:\u00a0 34601800008 &#8211; Pays: Cotonou &#8211; BENIN<\/span><\/p><p class=\"\" data-start=\"1207\" data-end=\"1400\"><span style=\"color: #09374f;\"><strong>&#8211; Mobile Money : <\/strong>01 53 00 00 92<\/span><\/p><p><span style=\"color: #09374f;\"><strong>&#8211; <a href=\"http:\/\/paypal.me\/Palaisdegloire2025\">PayPal<\/a><\/strong><\/span><\/p><blockquote data-start=\"1402\" data-end=\"1463\"><p class=\"\" style=\"text-align: left;\" data-start=\"1404\" data-end=\"1463\"><span style=\"color: #09374f;\"><strong data-start=\"1404\" data-end=\"1463\">Aucun don n\u2019est trop petit quand il est donn\u00e9 avec foi.<\/strong><\/span><\/p><\/blockquote><hr class=\"\" data-start=\"1465\" data-end=\"1468\" \/><p data-start=\"1470\" data-end=\"1496\"><strong><span style=\"color: #09374f;\">Passez \u00e0 l&#8217;action<\/span><\/strong><\/p><p class=\"\" data-start=\"1498\" data-end=\"1587\"><span style=\"color: #09374f;\">Dieu cherche des c\u0153urs disponibles pour apporter une transformation r\u00e9elle \u00e0 S\u00e8m\u00e8 Agongo<\/span><\/p>\t\t\t\t\t\t\t\t<\/div>\n\t\t\t\t<\/div>\n\t\t\t\t<\/div>\n\t\t\t\t<\/div>\n\t\t\t\t<\/div>\n\t\t\t\t<\/div>\n\t\t","protected":false},"excerpt":{"rendered":"<p>Programme de scolarisation et d\u2019encadrement des enfants d\u00e9munis et en situation de vuln\u00e9rabilit\u00e9 \u00e0 S\u00e8m\u00e8 Agongo Chaque enfant est une semence pr\u00e9cieuse, porteuse d\u2019un potentiel divin. Le projet Graines de Gloire s\u2019inscrit dans la vision de l\u2019\u00c9glise Le Palais de Gloire d\u2019\u00e9lever une g\u00e9n\u00e9ration d\u2019enfants en situation de pr\u00e9carit\u00e9, souvent oubli\u00e9s ou rejet\u00e9s, en leur [&hellip;]<\/p>\n","protected":false},"author":1,"featured_media":0,"parent":0,"menu_order":0,"comment_status":"closed","ping_status":"closed","template":"","meta":{"footnotes":""},"class_list":["post-36","page","type-page","status-publish","hentry"],"_links":{"self":[{"href":"https:\/\/palaisdegloire.org\/index.php?rest_route=\/wp\/v2\/pages\/36","targetHints":{"allow":["GET"]}}],"collection":[{"href":"https:\/\/palaisdegloire.org\/index.php?rest_route=\/wp\/v2\/pages"}],"about":[{"href":"https:\/\/palaisdegloire.org\/index.php?rest_route=\/wp\/v2\/types\/page"}],"author":[{"embeddable":true,"href":"https:\/\/palaisdegloire.org\/index.php?rest_route=\/wp\/v2\/users\/1"}],"replies":[{"embeddable":true,"href":"https:\/\/palaisdegloire.org\/index.php?rest_route=%2Fwp%2Fv2%2Fcomments&post=36"}],"version-history":[{"count":122,"href":"https:\/\/palaisdegloire.org\/index.php?rest_route=\/wp\/v2\/pages\/36\/revisions"}],"predecessor-version":[{"id":1603,"href":"https:\/\/palaisdegloire.org\/index.php?rest_route=\/wp\/v2\/pages\/36\/revisions\/1603"}],"wp:attachment":[{"href":"https:\/\/palaisdegloire.org\/index.php?rest_route=%2Fwp%2Fv2%2Fmedia&parent=36"}],"curies":[{"name":"wp","href":"https:\/\/api.w.org\/{rel}","templated":true}]}}