{"id":34,"date":"2025-04-10T00:04:21","date_gmt":"2025-04-09T23:04:21","guid":{"rendered":"https:\/\/palaisdegloire.org\/?page_id=34"},"modified":"2025-07-23T11:59:54","modified_gmt":"2025-07-23T10:59:54","slug":"femmes-de-gloire","status":"publish","type":"page","link":"https:\/\/palaisdegloire.org\/?page_id=34","title":{"rendered":"Femme de Gloire"},"content":{"rendered":"\t\t<div data-elementor-type=\"wp-page\" data-elementor-id=\"34\" class=\"elementor elementor-34\" data-elementor-post-type=\"page\">\n\t\t\t\t<div class=\"elementor-element elementor-element-4417b95 e-flex e-con-boxed e-con e-parent\" data-id=\"4417b95\" data-element_type=\"container\">\n\t\t\t\t\t<div class=\"e-con-inner\">\n\t\t\t\t<div class=\"elementor-element elementor-element-5c61acf elementor--h-position-center elementor--v-position-middle elementor-arrows-position-inside elementor-pagination-position-inside elementor-widget elementor-widget-slides\" data-id=\"5c61acf\" data-element_type=\"widget\" data-settings=\"{&quot;navigation&quot;:&quot;both&quot;,&quot;autoplay&quot;:&quot;yes&quot;,&quot;pause_on_hover&quot;:&quot;yes&quot;,&quot;pause_on_interaction&quot;:&quot;yes&quot;,&quot;autoplay_speed&quot;:5000,&quot;infinite&quot;:&quot;yes&quot;,&quot;transition&quot;:&quot;slide&quot;,&quot;transition_speed&quot;:500}\" data-widget_type=\"slides.default\">\n\t\t\t\t<div class=\"elementor-widget-container\">\n\t\t\t\t\t\t\t\t\t<div class=\"elementor-swiper\">\n\t\t\t\t\t<div class=\"elementor-slides-wrapper elementor-main-swiper swiper\" role=\"region\" aria-roledescription=\"carousel\" aria-label=\"Slides\" dir=\"ltr\" data-animation=\"fadeInUp\">\n\t\t\t\t<div class=\"swiper-wrapper elementor-slides\">\n\t\t\t\t\t\t\t\t\t\t<div class=\"elementor-repeater-item-e149571 swiper-slide\" role=\"group\" aria-roledescription=\"slide\"><div class=\"swiper-slide-bg\" role=\"img\"><\/div><div class=\"swiper-slide-inner\" ><div class=\"swiper-slide-contents\"><\/div><\/div><\/div>\t\t\t\t<\/div>\n\t\t\t\t\t\t\t<\/div>\n\t\t\t\t<\/div>\n\t\t\t\t\t\t\t\t<\/div>\n\t\t\t\t<\/div>\n\t\t\t\t\t<\/div>\n\t\t\t\t<\/div>\n\t\t<div class=\"elementor-element elementor-element-afc128b e-flex e-con-boxed e-con e-parent\" data-id=\"afc128b\" data-element_type=\"container\">\n\t\t\t\t\t<div class=\"e-con-inner\">\n\t\t\t\t\t<\/div>\n\t\t\t\t<\/div>\n\t\t<div class=\"elementor-element elementor-element-1426e9b8 e-con-full e-flex e-con e-parent\" data-id=\"1426e9b8\" data-element_type=\"container\" data-settings=\"{&quot;background_background&quot;:&quot;gradient&quot;}\">\n\t\t<div class=\"elementor-element elementor-element-57129007 e-con-full e-flex e-con e-child\" data-id=\"57129007\" data-element_type=\"container\">\n\t\t<div class=\"elementor-element elementor-element-2aed2c6 e-con-full e-flex e-con e-child\" data-id=\"2aed2c6\" data-element_type=\"container\">\n\t\t\t\t<div class=\"elementor-element elementor-element-75ca49eb elementor-widget elementor-widget-heading\" data-id=\"75ca49eb\" data-element_type=\"widget\" data-widget_type=\"heading.default\">\n\t\t\t\t<div class=\"elementor-widget-container\">\n\t\t\t\t\t<h2 class=\"elementor-heading-title elementor-size-default\">Contexte <\/h2>\t\t\t\t<\/div>\n\t\t\t\t<\/div>\n\t\t\t\t<div class=\"elementor-element elementor-element-63b722d0 elementor-widget__width-initial elementor-widget elementor-widget-text-editor\" data-id=\"63b722d0\" data-element_type=\"widget\" data-widget_type=\"text-editor.default\">\n\t\t\t\t<div class=\"elementor-widget-container\">\n\t\t\t\t\t\t\t\t\t<p>Dans la commune de S\u00e8m\u00e8 Agongo, de nombreuses femmes vivent dans la pr\u00e9carit\u00e9, sans acc\u00e8s \u00e0 une formation, \u00e0 l&#8217;emploi ou \u00e0 un accompagnement spirituel. Ces femmes, souvent c\u00e9libataires, veuves ou m\u00e8res seules, font face \u00e0 des d\u00e9fis sociaux, \u00e9conomiques et psychologiques qui freinent leur d\u00e9veloppement et leur int\u00e9gration. L\u2019\u00c9glise Le Palais de Gloire veut \u00eatre une r\u00e9ponse concr\u00e8te \u00e0 ce besoin, en apportant une restauration int\u00e9grale \u00e0 ces femmes.<\/p>\t\t\t\t\t\t\t\t<\/div>\n\t\t\t\t<\/div>\n\t\t\t\t<\/div>\n\t\t\t\t<\/div>\n\t\t<div class=\"elementor-element elementor-element-bc43819 e-con-full e-flex e-con e-child\" data-id=\"bc43819\" data-element_type=\"container\">\n\t\t<div class=\"elementor-element elementor-element-8412c08 e-con-full e-flex e-con e-child\" data-id=\"8412c08\" data-element_type=\"container\">\n\t\t\t\t<div class=\"elementor-element elementor-element-6099a6b elementor-widget elementor-widget-heading\" data-id=\"6099a6b\" data-element_type=\"widget\" data-widget_type=\"heading.default\">\n\t\t\t\t<div class=\"elementor-widget-container\">\n\t\t\t\t\t<h2 class=\"elementor-heading-title elementor-size-default\">Vision<\/h2>\t\t\t\t<\/div>\n\t\t\t\t<\/div>\n\t\t\t\t<div class=\"elementor-element elementor-element-6fcb211 elementor-widget__width-initial elementor-widget elementor-widget-text-editor\" data-id=\"6fcb211\" data-element_type=\"widget\" data-widget_type=\"text-editor.default\">\n\t\t\t\t<div class=\"elementor-widget-container\">\n\t\t\t\t\t\t\t\t\t<p>Nous croyons que chaque femme est une perle pr\u00e9cieuse aux yeux de Dieu. C\u2019est pourquoi nous nous engageons \u00e0 lui offrir un accompagnement holistique \u2014 spirituel, \u00e9motionnel et pratique \u2014 afin qu\u2019elle red\u00e9couvre sa valeur, d\u00e9veloppe son potentiel divin, et s\u2019\u00e9panouisse pleinement dans sa vie personnelle, familiale et sociale.<\/p>\t\t\t\t\t\t\t\t<\/div>\n\t\t\t\t<\/div>\n\t\t\t\t<\/div>\n\t\t\t\t<\/div>\n\t\t<div class=\"elementor-element elementor-element-03df302 e-con-full e-flex e-con e-child\" data-id=\"03df302\" data-element_type=\"container\">\n\t\t<div class=\"elementor-element elementor-element-8feb3eb e-con-full e-flex e-con e-child\" data-id=\"8feb3eb\" data-element_type=\"container\">\n\t\t\t\t<div class=\"elementor-element elementor-element-fdf8f6e elementor-widget elementor-widget-heading\" data-id=\"fdf8f6e\" data-element_type=\"widget\" data-widget_type=\"heading.default\">\n\t\t\t\t<div class=\"elementor-widget-container\">\n\t\t\t\t\t<h2 class=\"elementor-heading-title elementor-size-default\">Objectifs<\/h2>\t\t\t\t<\/div>\n\t\t\t\t<\/div>\n\t\t\t\t<div class=\"elementor-element elementor-element-07d3a2e elementor-widget__width-initial elementor-widget elementor-widget-text-editor\" data-id=\"07d3a2e\" data-element_type=\"widget\" data-widget_type=\"text-editor.default\">\n\t\t\t\t<div class=\"elementor-widget-container\">\n\t\t\t\t\t\t\t\t\t<ol><li>Renforcer l&#8217;identit\u00e9 et la confiance des femmes \u00e0 travers l&#8217;enseignement biblique et le mentorat.<\/li><li>Fournir une formation professionnelle et entrepreneuriale de base.<\/li><li>Accompagner les femmes dans le lancement de microprojets \u00e9conomiques.<\/li><li>Promouvoir la sant\u00e9, le bien-\u00eatre et la coh\u00e9sion communautaire.<\/li><\/ol>\t\t\t\t\t\t\t\t<\/div>\n\t\t\t\t<\/div>\n\t\t\t\t<\/div>\n\t\t\t\t<\/div>\n\t\t\t\t<\/div>\n\t\t<div class=\"elementor-element elementor-element-a8b11bb e-flex e-con-boxed e-con e-parent\" data-id=\"a8b11bb\" data-element_type=\"container\">\n\t\t\t\t\t<div class=\"e-con-inner\">\n\t\t\t\t\t<\/div>\n\t\t\t\t<\/div>\n\t\t<div class=\"elementor-element elementor-element-288a80e1 e-con-full e-flex e-con e-parent\" data-id=\"288a80e1\" data-element_type=\"container\" data-settings=\"{&quot;background_background&quot;:&quot;classic&quot;}\">\n\t\t<div class=\"elementor-element elementor-element-5a0d1b81 e-con-full e-flex e-con e-child\" data-id=\"5a0d1b81\" data-element_type=\"container\">\n\t\t\t\t<div class=\"elementor-element elementor-element-5ad1012c elementor-widget elementor-widget-heading\" data-id=\"5ad1012c\" data-element_type=\"widget\" data-widget_type=\"heading.default\">\n\t\t\t\t<div class=\"elementor-widget-container\">\n\t\t\t\t\t<h2 class=\"elementor-heading-title elementor-size-default\">Faire un don?<\/h2>\t\t\t\t<\/div>\n\t\t\t\t<\/div>\n\t\t\t\t<div class=\"elementor-element elementor-element-1c531300 elementor-widget elementor-widget-text-editor\" data-id=\"1c531300\" data-element_type=\"widget\" data-widget_type=\"text-editor.default\">\n\t\t\t\t<div class=\"elementor-widget-container\">\n\t\t\t\t\t\t\t\t\t<p style=\"text-align: center;\"><span style=\"color: #09374f;\"><strong><em>Semez aujourd\u2019hui, r\u00e9coltez pour l\u2019\u00e9ternit\u00e9.<\/em><\/strong><\/span><\/p><hr class=\"\" data-start=\"268\" data-end=\"271\" \/><p data-start=\"273\" data-end=\"294\"><strong><span style=\"color: #09374f;\">Pourquoi donner ?<\/span><\/strong><\/p><p class=\"\" style=\"text-align: left;\" data-start=\"296\" data-end=\"591\"><span style=\"color: #09374f;\">Au <em data-start=\"299\" data-end=\"317\">Palais de Gloire<\/em>, nous croyons que chaque <strong data-start=\"343\" data-end=\"362\">semence d\u2019amour<\/strong> peut produire une <strong data-start=\"381\" data-end=\"410\">moisson de transformation<\/strong>. Les projets <strong data-start=\"424\" data-end=\"446\">&#8220;Femmes de Gloire&#8221;<\/strong> et <strong data-start=\"450\" data-end=\"473\">&#8220;Graines de Gloire&#8221;<\/strong> sont des plateformes divinement inspir\u00e9es pour apporter une restauration profonde dans la commune de <strong data-start=\"575\" data-end=\"590\">S\u00e8m\u00e8 Agongo<\/strong>.<\/span><\/p><ul data-start=\"593\" data-end=\"841\"><li class=\"\" data-start=\"593\" data-end=\"716\"><p class=\"\" data-start=\"595\" data-end=\"716\"><span style=\"color: #09374f;\"><strong data-start=\"595\" data-end=\"617\">&#8220;Femmes de Gloire&#8221;<\/strong> vise l\u2019autonomisation spirituelle, \u00e9conomique et \u00e9motionnelle des femmes d\u00e9munies et c\u00e9libataires.<\/span><\/p><\/li><li class=\"\" data-start=\"717\" data-end=\"841\"><p class=\"\" data-start=\"719\" data-end=\"841\"><span style=\"color: #09374f;\"><strong data-start=\"719\" data-end=\"742\">&#8220;Graines de Gloire&#8221;<\/strong> forme, encadre et \u00e9l\u00e8ve les enfants et adolescents pour en faire des leaders fond\u00e9s sur la Parole.<\/span><\/p><\/li><\/ul><p class=\"\" data-start=\"843\" data-end=\"861\"><span style=\"color: #09374f;\">En donnant, vous :<\/span><\/p><ul><li data-start=\"863\" data-end=\"1074\"><span style=\"color: #09374f;\">Redonnez <strong data-start=\"874\" data-end=\"884\">espoir<\/strong> \u00e0 une femme oubli\u00e9e<\/span><\/li><li data-start=\"863\" data-end=\"1074\"><span style=\"color: #09374f;\">Ouvrez <strong data-start=\"916\" data-end=\"936\">un avenir solide<\/strong> \u00e0 un enfant sans rep\u00e8re<\/span><\/li><li data-start=\"863\" data-end=\"1074\"><span style=\"color: #09374f;\">Participez \u00e0 <strong data-start=\"978\" data-end=\"1012\">l\u2019extension du Royaume de Dieu<\/strong><\/span><\/li><li data-start=\"863\" data-end=\"1074\"><span style=\"color: #09374f;\">Devenez <strong data-start=\"1025\" data-end=\"1074\">partenaire dans une \u0153uvre qui glorifie Christ<\/strong><\/span><\/li><\/ul><blockquote data-start=\"1076\" data-end=\"1178\"><p class=\"\" data-start=\"1078\" data-end=\"1178\"><span style=\"color: #09374f;\"><em data-start=\"1078\" data-end=\"1178\">\u00ab Celui qui donne au pauvre pr\u00eate \u00e0 l\u2019\u00c9ternel, qui lui rendra selon son \u0153uvre. \u00bb \u2013 Proverbes 19:17<\/em><\/span><\/p><\/blockquote><hr class=\"\" data-start=\"1180\" data-end=\"1183\" \/><p data-start=\"1185\" data-end=\"1205\"><strong><span style=\"color: #09374f;\">Comment donner ?<\/span><\/strong><\/p><p class=\"\" data-start=\"1207\" data-end=\"1400\"><span style=\"color: #09374f;\">Vous pouvez soutenir ces projets par :<\/span><\/p><p class=\"\" data-start=\"1207\" data-end=\"1400\"><br data-start=\"1245\" data-end=\"1248\" \/><span style=\"color: #09374f;\"><strong>&#8211; Virement bancaire: <\/strong>Banque Atlantique Benin &#8211; IBAN: BJ115 01010 34601800008-43\u00a0 &#8211; Swift: ATBJBJBJXXX &#8211; Intitul\u00e9 du compte: ODJO Ousmane Adjaho &#8211; No du compte en XOF:\u00a0 34601800008 &#8211; Pays: Cotonou &#8211; BENIN<\/span><\/p><p class=\"\" data-start=\"1207\" data-end=\"1400\"><span style=\"color: #09374f;\"><strong>&#8211; Mobile Money : <\/strong>01 53 00 00 92<\/span><\/p><p><span style=\"color: #09374f;\"><strong>&#8211; <a href=\"http:\/\/paypal.me\/Palaisdegloire2025\">PayPal<\/a><\/strong><\/span><\/p><blockquote data-start=\"1402\" data-end=\"1463\"><p class=\"\" style=\"text-align: left;\" data-start=\"1404\" data-end=\"1463\">\u00a0<\/p><\/blockquote><hr class=\"\" data-start=\"1465\" data-end=\"1468\" \/><p data-start=\"1470\" data-end=\"1496\"><strong><span style=\"color: #09374f;\">Passez \u00e0 l&#8217;action<\/span><\/strong><\/p><p class=\"\" data-start=\"1498\" data-end=\"1587\"><span style=\"color: #09374f;\">Dieu cherche des c\u0153urs disponibles pour apporter une transformation r\u00e9elle \u00e0 S\u00e8m\u00e8 Agongo<\/span><\/p>\t\t\t\t\t\t\t\t<\/div>\n\t\t\t\t<\/div>\n\t\t\t\t<\/div>\n\t\t\t\t<\/div>\n\t\t<div class=\"elementor-element elementor-element-16bf9f7 e-flex e-con-boxed e-con e-parent\" data-id=\"16bf9f7\" data-element_type=\"container\">\n\t\t\t\t\t<div class=\"e-con-inner\">\n\t\t\t\t\t<\/div>\n\t\t\t\t<\/div>\n\t\t\t\t<\/div>\n\t\t","protected":false},"excerpt":{"rendered":"<p>Contexte Dans la commune de S\u00e8m\u00e8 Agongo, de nombreuses femmes vivent dans la pr\u00e9carit\u00e9, sans acc\u00e8s \u00e0 une formation, \u00e0 l&#8217;emploi ou \u00e0 un accompagnement spirituel. Ces femmes, souvent c\u00e9libataires, veuves ou m\u00e8res seules, font face \u00e0 des d\u00e9fis sociaux, \u00e9conomiques et psychologiques qui freinent leur d\u00e9veloppement et leur int\u00e9gration. L\u2019\u00c9glise Le Palais de Gloire [&hellip;]<\/p>\n","protected":false},"author":1,"featured_media":0,"parent":0,"menu_order":0,"comment_status":"closed","ping_status":"closed","template":"","meta":{"footnotes":""},"class_list":["post-34","page","type-page","status-publish","hentry"],"_links":{"self":[{"href":"https:\/\/palaisdegloire.org\/index.php?rest_route=\/wp\/v2\/pages\/34","targetHints":{"allow":["GET"]}}],"collection":[{"href":"https:\/\/palaisdegloire.org\/index.php?rest_route=\/wp\/v2\/pages"}],"about":[{"href":"https:\/\/palaisdegloire.org\/index.php?rest_route=\/wp\/v2\/types\/page"}],"author":[{"embeddable":true,"href":"https:\/\/palaisdegloire.org\/index.php?rest_route=\/wp\/v2\/users\/1"}],"replies":[{"embeddable":true,"href":"https:\/\/palaisdegloire.org\/index.php?rest_route=%2Fwp%2Fv2%2Fcomments&post=34"}],"version-history":[{"count":118,"href":"https:\/\/palaisdegloire.org\/index.php?rest_route=\/wp\/v2\/pages\/34\/revisions"}],"predecessor-version":[{"id":1600,"href":"https:\/\/palaisdegloire.org\/index.php?rest_route=\/wp\/v2\/pages\/34\/revisions\/1600"}],"wp:attachment":[{"href":"https:\/\/palaisdegloire.org\/index.php?rest_route=%2Fwp%2Fv2%2Fmedia&parent=34"}],"curies":[{"name":"wp","href":"https:\/\/api.w.org\/{rel}","templated":true}]}}