{"id":25,"date":"2025-04-09T23:58:46","date_gmt":"2025-04-09T22:58:46","guid":{"rendered":"https:\/\/palaisdegloire.org\/?page_id=25"},"modified":"2025-07-23T12:17:13","modified_gmt":"2025-07-23T11:17:13","slug":"faire-un-don","status":"publish","type":"page","link":"https:\/\/palaisdegloire.org\/?page_id=25","title":{"rendered":"Faire un Don"},"content":{"rendered":"\t\t<div data-elementor-type=\"wp-page\" data-elementor-id=\"25\" class=\"elementor elementor-25\" data-elementor-post-type=\"page\">\n\t\t\t\t<div class=\"elementor-element elementor-element-22e888c e-con-full e-flex e-con e-parent\" data-id=\"22e888c\" data-element_type=\"container\" data-settings=\"{&quot;background_background&quot;:&quot;gradient&quot;}\">\n\t\t<div class=\"elementor-element elementor-element-14ee49f e-con-full e-flex e-con e-child\" data-id=\"14ee49f\" data-element_type=\"container\" data-settings=\"{&quot;background_background&quot;:&quot;classic&quot;}\">\n\t\t<div class=\"elementor-element elementor-element-e0e6007 e-con-full e-flex e-con e-child\" data-id=\"e0e6007\" data-element_type=\"container\">\n\t\t\t\t<div class=\"elementor-element elementor-element-2e1db64 elementor-widget elementor-widget-text-editor\" data-id=\"2e1db64\" data-element_type=\"widget\" data-widget_type=\"text-editor.default\">\n\t\t\t\t<div class=\"elementor-widget-container\">\n\t\t\t\t\t\t\t\t\t<p style=\"text-align: center;\"><span style=\"color: #09374f;\"><strong><em>Semez aujourd\u2019hui, r\u00e9coltez pour l\u2019\u00e9ternit\u00e9.<\/em><\/strong><\/span><\/p><hr class=\"\" data-start=\"268\" data-end=\"271\" \/><p data-start=\"273\" data-end=\"294\"><strong><span style=\"color: #09374f;\">Pourquoi donner ?<\/span><\/strong><\/p><p class=\"\" data-start=\"296\" data-end=\"591\"><span style=\"color: #09374f;\">Au <em data-start=\"299\" data-end=\"317\">Palais de Gloire<\/em>, nous croyons que chaque <strong data-start=\"343\" data-end=\"362\">semence d\u2019amour<\/strong> peut produire une <strong data-start=\"381\" data-end=\"410\">moisson de transformation<\/strong>. Les projets <strong data-start=\"424\" data-end=\"446\">&#8220;Femmes de Gloire&#8221;<\/strong> et <strong data-start=\"450\" data-end=\"473\">&#8220;Graines de Gloire&#8221;<\/strong> sont des plateformes divinement inspir\u00e9es pour apporter une restauration profonde dans la commune de <strong data-start=\"575\" data-end=\"590\">S\u00e8m\u00e8 Agongo<\/strong>.<\/span><\/p><ul data-start=\"593\" data-end=\"841\"><li class=\"\" data-start=\"593\" data-end=\"716\"><p class=\"\" data-start=\"595\" data-end=\"716\"><span style=\"color: #09374f;\"><strong data-start=\"595\" data-end=\"617\">&#8220;Femmes de Gloire&#8221;<\/strong> vise l\u2019autonomisation spirituelle, \u00e9conomique et \u00e9motionnelle des femmes d\u00e9munies et c\u00e9libataires.<\/span><\/p><\/li><li class=\"\" data-start=\"717\" data-end=\"841\"><p class=\"\" data-start=\"719\" data-end=\"841\"><span style=\"color: #09374f;\"><strong data-start=\"719\" data-end=\"742\">&#8220;Graines de Gloire&#8221;<\/strong> forme, encadre et \u00e9l\u00e8ve les enfants et adolescents pour en faire des leaders fond\u00e9s sur la Parole.<\/span><\/p><\/li><\/ul><p class=\"\" data-start=\"843\" data-end=\"861\"><span style=\"color: #09374f;\">En donnant, vous :<\/span><\/p><ul><li data-start=\"863\" data-end=\"1074\"><span style=\"color: #09374f;\">Redonnez <strong data-start=\"874\" data-end=\"884\">espoir<\/strong> \u00e0 une femme oubli\u00e9e<\/span><\/li><li data-start=\"863\" data-end=\"1074\"><span style=\"color: #09374f;\">Ouvrez <strong data-start=\"916\" data-end=\"936\">un avenir solide<\/strong> \u00e0 un enfant sans rep\u00e8re<\/span><\/li><li data-start=\"863\" data-end=\"1074\"><span style=\"color: #09374f;\">Participez \u00e0 <strong data-start=\"978\" data-end=\"1012\">l\u2019extension du Royaume de Dieu<\/strong><\/span><\/li><li data-start=\"863\" data-end=\"1074\"><span style=\"color: #09374f;\">Devenez <strong data-start=\"1025\" data-end=\"1074\">partenaire dans une \u0153uvre qui glorifie Christ<\/strong><\/span><\/li><\/ul><blockquote data-start=\"1076\" data-end=\"1178\"><p class=\"\" data-start=\"1078\" data-end=\"1178\"><span style=\"color: #09374f;\"><em data-start=\"1078\" data-end=\"1178\">\u00ab Celui qui donne au pauvre pr\u00eate \u00e0 l\u2019\u00c9ternel, qui lui rendra selon son \u0153uvre. \u00bb \u2013 Proverbes 19:17<\/em><\/span><\/p><\/blockquote><hr class=\"\" data-start=\"1180\" data-end=\"1183\" \/><p data-start=\"1185\" data-end=\"1205\"><strong><span style=\"color: #09374f;\">Comment donner ?<\/span><\/strong><\/p><p class=\"\" data-start=\"1207\" data-end=\"1400\"><span style=\"color: #09374f;\">Vous pouvez soutenir ces projets par :<\/span><\/p><p class=\"\" data-start=\"1207\" data-end=\"1400\"><br data-start=\"1245\" data-end=\"1248\" \/><span style=\"color: #09374f;\"><strong>&#8211; Virement bancaire: <\/strong>Banque Atlantique Benin &#8211; IBAN: BJ115 01010 34601800008-43\u00a0 &#8211; Swift: ATBJBJBJXXX &#8211; Intitul\u00e9 du compte: ODJO Ousmane Adjaho &#8211; No du compte en XOF:\u00a0 34601800008 &#8211; Pays: Cotonou &#8211; BENIN<\/span><\/p><p class=\"\" data-start=\"1207\" data-end=\"1400\"><span style=\"color: #09374f;\"><strong>&#8211; Mobile Money : <\/strong>01 53 00 00 92<\/span><\/p><p><span style=\"color: #09374f;\"><strong>&#8211; <a href=\"http:\/\/paypal.me\/Palaisdegloire2025\">PayPal<\/a><\/strong><\/span><\/p><blockquote data-start=\"1402\" data-end=\"1463\"><p class=\"\" style=\"text-align: left;\" data-start=\"1404\" data-end=\"1463\"><span style=\"color: #09374f;\"><strong data-start=\"1404\" data-end=\"1463\">Aucun don n\u2019est trop petit quand il est donn\u00e9 avec foi.<\/strong><\/span><\/p><\/blockquote><hr class=\"\" data-start=\"1465\" data-end=\"1468\" \/><p data-start=\"1470\" data-end=\"1496\"><strong><span style=\"color: #09374f;\">Passez \u00e0 l&#8217;action<\/span><\/strong><\/p><p class=\"\" data-start=\"1498\" data-end=\"1587\"><span style=\"color: #09374f;\">Dieu cherche des c\u0153urs disponibles pour apporter une transformation r\u00e9elle \u00e0 S\u00e8m\u00e8 Agongo<\/span><\/p>\t\t\t\t\t\t\t\t<\/div>\n\t\t\t\t<\/div>\n\t\t\t\t<\/div>\n\t\t\t\t<\/div>\n\t\t\t\t<\/div>\n\t\t\t\t<\/div>\n\t\t","protected":false},"excerpt":{"rendered":"<p>Semez aujourd\u2019hui, r\u00e9coltez pour l\u2019\u00e9ternit\u00e9. Pourquoi donner ? Au Palais de Gloire, nous croyons que chaque semence d\u2019amour peut produire une moisson de transformation. Les projets &#8220;Femmes de Gloire&#8221; et &#8220;Graines de Gloire&#8221; sont des plateformes divinement inspir\u00e9es pour apporter une restauration profonde dans la commune de S\u00e8m\u00e8 Agongo. &#8220;Femmes de Gloire&#8221; vise l\u2019autonomisation spirituelle, [&hellip;]<\/p>\n","protected":false},"author":1,"featured_media":0,"parent":0,"menu_order":0,"comment_status":"closed","ping_status":"closed","template":"","meta":{"footnotes":""},"class_list":["post-25","page","type-page","status-publish","hentry"],"_links":{"self":[{"href":"https:\/\/palaisdegloire.org\/index.php?rest_route=\/wp\/v2\/pages\/25","targetHints":{"allow":["GET"]}}],"collection":[{"href":"https:\/\/palaisdegloire.org\/index.php?rest_route=\/wp\/v2\/pages"}],"about":[{"href":"https:\/\/palaisdegloire.org\/index.php?rest_route=\/wp\/v2\/types\/page"}],"author":[{"embeddable":true,"href":"https:\/\/palaisdegloire.org\/index.php?rest_route=\/wp\/v2\/users\/1"}],"replies":[{"embeddable":true,"href":"https:\/\/palaisdegloire.org\/index.php?rest_route=%2Fwp%2Fv2%2Fcomments&post=25"}],"version-history":[{"count":21,"href":"https:\/\/palaisdegloire.org\/index.php?rest_route=\/wp\/v2\/pages\/25\/revisions"}],"predecessor-version":[{"id":1606,"href":"https:\/\/palaisdegloire.org\/index.php?rest_route=\/wp\/v2\/pages\/25\/revisions\/1606"}],"wp:attachment":[{"href":"https:\/\/palaisdegloire.org\/index.php?rest_route=%2Fwp%2Fv2%2Fmedia&parent=25"}],"curies":[{"name":"wp","href":"https:\/\/api.w.org\/{rel}","templated":true}]}}