{"id":17,"date":"2025-04-09T23:46:37","date_gmt":"2025-04-09T22:46:37","guid":{"rendered":"https:\/\/palaisdegloire.org\/?page_id=17"},"modified":"2025-06-13T15:40:09","modified_gmt":"2025-06-13T14:40:09","slug":"qui-sommes-nous","status":"publish","type":"page","link":"https:\/\/palaisdegloire.org\/?page_id=17","title":{"rendered":"Qui sommes-nous?"},"content":{"rendered":"\t\t<div data-elementor-type=\"wp-page\" data-elementor-id=\"17\" class=\"elementor elementor-17\" data-elementor-post-type=\"page\">\n\t\t\t\t<div class=\"elementor-element elementor-element-ad28a34 e-con-full e-flex e-con e-parent\" data-id=\"ad28a34\" data-element_type=\"container\">\n\t\t\t\t<div class=\"elementor-element elementor-element-87dd0d1 elementor-widget elementor-widget-image\" data-id=\"87dd0d1\" data-element_type=\"widget\" data-widget_type=\"image.default\">\n\t\t\t\t<div class=\"elementor-widget-container\">\n\t\t\t\t\t\t\t\t\t\t\t\t\t\t\t<img fetchpriority=\"high\" decoding=\"async\" width=\"1536\" height=\"864\" src=\"https:\/\/palaisdegloire.org\/wp-content\/uploads\/2025\/06\/Maquette-New-1536x864.jpg\" class=\"attachment-1536x1536 size-1536x1536 wp-image-989\" alt=\"\" srcset=\"https:\/\/palaisdegloire.org\/wp-content\/uploads\/2025\/06\/Maquette-New-1536x864.jpg 1536w, https:\/\/palaisdegloire.org\/wp-content\/uploads\/2025\/06\/Maquette-New-300x169.jpg 300w, https:\/\/palaisdegloire.org\/wp-content\/uploads\/2025\/06\/Maquette-New-1024x576.jpg 1024w, https:\/\/palaisdegloire.org\/wp-content\/uploads\/2025\/06\/Maquette-New-768x432.jpg 768w, https:\/\/palaisdegloire.org\/wp-content\/uploads\/2025\/06\/Maquette-New-2048x1152.jpg 2048w\" sizes=\"(max-width: 1536px) 100vw, 1536px\" \/>\t\t\t\t\t\t\t\t\t\t\t\t\t\t\t<\/div>\n\t\t\t\t<\/div>\n\t\t\t\t<\/div>\n\t\t<div class=\"elementor-element elementor-element-54d8164 e-flex e-con-boxed e-con e-parent\" data-id=\"54d8164\" data-element_type=\"container\">\n\t\t\t\t\t<div class=\"e-con-inner\">\n\t\t\t\t<div class=\"elementor-element elementor-element-2622d9e elementor-widget elementor-widget-heading\" data-id=\"2622d9e\" data-element_type=\"widget\" data-widget_type=\"heading.default\">\n\t\t\t\t<div class=\"elementor-widget-container\">\n\t\t\t\t\t<h2 class=\"elementor-heading-title elementor-size-default\">Notre histoire: La naissance du Palais de Gloire<\/h2>\t\t\t\t<\/div>\n\t\t\t\t<\/div>\n\t\t\t\t\t<\/div>\n\t\t\t\t<\/div>\n\t\t<div class=\"elementor-element elementor-element-b52a656 e-flex e-con-boxed e-con e-parent\" data-id=\"b52a656\" data-element_type=\"container\">\n\t\t\t\t\t<div class=\"e-con-inner\">\n\t\t\t\t<div class=\"elementor-element elementor-element-856c4d8 elementor-widget elementor-widget-text-editor\" data-id=\"856c4d8\" data-element_type=\"widget\" data-widget_type=\"text-editor.default\">\n\t\t\t\t<div class=\"elementor-widget-container\">\n\t\t\t\t\t\t\t\t\t<p><strong>\u00ab Quand Dieu appelle, Il confirme \u2014 et lorsque nous ob\u00e9issons, Sa gloire suit. \u00bb<\/strong><\/p><p>Pendant huit ans, de 2016 \u00e0 2024, nous avons v\u00e9cu au Ghana \u2014 une saison de pr\u00e9paration silencieuse, de croissance spirituelle et d\u2019intimit\u00e9 avec Dieu.<\/p><p>Mais en 2022, tout a chang\u00e9.<br \/>L\u2019Esprit de Dieu a commenc\u00e9 \u00e0 nous bousculer.<br \/>Dans une p\u00e9riode de je\u00fbne et pri\u00e8re intense, j\u2019ai re\u00e7u plusieurs visions proph\u00e9tiques :<\/p><p><strong>\u00ab Retourne au B\u00e9nin. Va \u00e0 Porto-Novo. Prends soin du peuple. \u00bb<\/strong><\/p><p>J\u2019ai attendu. Pri\u00e9. Et finalement, une confirmation claire est venue par la voix de mon p\u00e8re spirituel : <strong>\u00ab Dieu veut que tu retournes au B\u00e9nin. \u00bb<\/strong><\/p><p><strong>Une r\u00e9ponse c\u00e9leste \u00e0 un cri terrestre<\/strong><\/p><p>En ao\u00fbt 2024, nous avons quitt\u00e9 le Ghana dans l\u2019ob\u00e9issance. \u00c0 Cotonou, j\u2019ai cri\u00e9 \u00e0 Dieu :<br \/><strong>\u00ab O\u00f9 veux-tu que j\u2019aille ? \u00bb. <\/strong>Et Sa r\u00e9ponse fut : <strong>S\u00e8m\u00e8.<\/strong><\/p><p>Ce que nous ignorions, c\u2019est qu\u2019au m\u00eame moment, les habitants de S\u00e8m\u00e8 priaient pour la venue d\u2019une \u00e9glise, d\u2019un porteur de Sa pr\u00e9sence.<br \/>\u00c0 notre arriv\u00e9e, ils nous ont dit : <strong>\u00ab Vous \u00eates la r\u00e9ponse \u00e0 nos pri\u00e8res. \u00bb<\/strong><\/p><p><strong>Le Palais de Gloire est n\u00e9<\/strong><\/p><p>Pas d\u2019un projet humain, mais d\u2019une direction divine.<\/p><p>Ce n\u2019est pas seulement une \u00e9glise.<br \/>C\u2019est un <strong>lieu de la pr\u00e9sence de Dieu<\/strong>,<br \/>un <strong>refuge pour les c\u0153urs bris\u00e9s<\/strong>,<br \/>une <strong>maison pour les assoiff\u00e9s de Sa pr\u00e9sence<\/strong>,<br \/>et <strong>un canal de transformation pour la communaut\u00e9<\/strong>.<\/p><p>Chaque \u00e9tape de cette mission a \u00e9t\u00e9 conduite par Dieu.<br \/>Nous croyons que ce que nous vivons \u00e0 S\u00e8m\u00e8 est une \u0153uvre c\u00e9leste, appel\u00e9e \u00e0 impacter les vies, les familles et toute la communaut\u00e9.<\/p><p><strong>Le Palais de Gloire est :<\/strong><\/p><ul><li>Une r\u00e9ponse \u00e0 l\u2019appel de Dieu<\/li><li>Une maison d\u2019adoration et de gu\u00e9rison<\/li><li>Un centre de transformation individuelle et communautaire<\/li><li>Un lieu o\u00f9 la gloire de Dieu demeure<\/li><\/ul><p><strong><em>Et cette histoire continue\u2026 avec vous.<\/em><\/strong><\/p>\t\t\t\t\t\t\t\t<\/div>\n\t\t\t\t<\/div>\n\t\t\t\t\t<\/div>\n\t\t\t\t<\/div>\n\t\t<div class=\"elementor-element elementor-element-349d308 e-flex e-con-boxed e-con e-parent\" data-id=\"349d308\" data-element_type=\"container\">\n\t\t\t\t\t<div class=\"e-con-inner\">\n\t\t\t\t\t<\/div>\n\t\t\t\t<\/div>\n\t\t<div class=\"elementor-element elementor-element-f446ca0 e-flex e-con-boxed e-con e-parent\" data-id=\"f446ca0\" data-element_type=\"container\">\n\t\t\t\t\t<div class=\"e-con-inner\">\n\t\t<div class=\"elementor-element elementor-element-e73bb7c e-con-full e-flex e-con e-child\" data-id=\"e73bb7c\" data-element_type=\"container\" data-settings=\"{&quot;background_background&quot;:&quot;classic&quot;}\">\n\t\t\t\t<\/div>\n\t\t<div class=\"elementor-element elementor-element-c249b9a e-con-full e-flex e-con e-child\" data-id=\"c249b9a\" data-element_type=\"container\">\n\t\t\t\t<div class=\"elementor-element elementor-element-5ae4d0e elementor-widget elementor-widget-text-editor\" data-id=\"5ae4d0e\" data-element_type=\"widget\" data-widget_type=\"text-editor.default\">\n\t\t\t\t<div class=\"elementor-widget-container\">\n\t\t\t\t\t\t\t\t\t<p><strong>Vision: <\/strong><\/p><p>Voir chaque vie transform\u00e9e par la gloire de Dieu pour impacter sa famille, sa communaut\u00e9 et contribuer au d\u00e9veloppement de la soci\u00e9t\u00e9 selon les principes du Royaume.<\/p><p>\u00ab Et nous tous qui, le visage d\u00e9couvert, contemplons comme dans un miroir la gloire du Seigneur, nous sommes transform\u00e9s en la m\u00eame image, de gloire en gloire\u2026 \u00bb<br \/>\u2014 2 Corinthiens 3:18<\/p>\t\t\t\t\t\t\t\t<\/div>\n\t\t\t\t<\/div>\n\t\t\t\t<\/div>\n\t\t<div class=\"elementor-element elementor-element-1bdd387 e-con-full e-flex e-con e-child\" data-id=\"1bdd387\" data-element_type=\"container\" data-settings=\"{&quot;background_background&quot;:&quot;classic&quot;}\">\n\t\t\t\t<\/div>\n\t\t<div class=\"elementor-element elementor-element-1bada78 e-con-full e-flex e-con e-child\" data-id=\"1bada78\" data-element_type=\"container\">\n\t\t\t\t<div class=\"elementor-element elementor-element-2cf8bf1 elementor-widget elementor-widget-text-editor\" data-id=\"2cf8bf1\" data-element_type=\"widget\" data-widget_type=\"text-editor.default\">\n\t\t\t\t<div class=\"elementor-widget-container\">\n\t\t\t\t\t\t\t\t\t<p><strong>Mission: <\/strong><\/p><p>Notre mission au Palais de Gloire est de r\u00e9v\u00e9ler Christ et d\u2019\u00e9quiper des vies transform\u00e9es, enracin\u00e9es dans la Parole, capables d\u2019impacter leur g\u00e9n\u00e9ration par la lumi\u00e8re de l\u2019\u00c9vangile, la dignit\u00e9 retrouv\u00e9e et l\u2019engagement concret dans la soci\u00e9t\u00e9.<\/p>\t\t\t\t\t\t\t\t<\/div>\n\t\t\t\t<\/div>\n\t\t\t\t<\/div>\n\t\t\t\t\t<\/div>\n\t\t\t\t<\/div>\n\t\t<div class=\"elementor-element elementor-element-f974035 e-flex e-con-boxed e-con e-parent\" data-id=\"f974035\" data-element_type=\"container\">\n\t\t\t\t\t<div class=\"e-con-inner\">\n\t\t<div class=\"elementor-element elementor-element-c31ac8f e-con-full e-flex e-con e-child\" data-id=\"c31ac8f\" data-element_type=\"container\">\n\t\t\t\t<div class=\"elementor-element elementor-element-aa6b8dc elementor-widget__width-initial elementor-widget elementor-widget-heading\" data-id=\"aa6b8dc\" data-element_type=\"widget\" data-widget_type=\"heading.default\">\n\t\t\t\t<div class=\"elementor-widget-container\">\n\t\t\t\t\t<h2 class=\"elementor-heading-title elementor-size-default\">Nos Valeurs<\/h2>\t\t\t\t<\/div>\n\t\t\t\t<\/div>\n\t\t\t\t<\/div>\n\t\t<div class=\"elementor-element elementor-element-65d300b e-con-full e-flex e-con e-child\" data-id=\"65d300b\" data-element_type=\"container\">\n\t\t\t\t<div class=\"elementor-element elementor-element-6ca07c9 elementor-widget elementor-widget-text-editor\" data-id=\"6ca07c9\" data-element_type=\"widget\" data-widget_type=\"text-editor.default\">\n\t\t\t\t<div class=\"elementor-widget-container\">\n\t\t\t\t\t\t\t\t\t<p><strong>Ce que nous incarnons au quotidien :<\/strong><\/p>\t\t\t\t\t\t\t\t<\/div>\n\t\t\t\t<\/div>\n\t\t\t\t<\/div>\n\t\t\t\t\t<\/div>\n\t\t\t\t<\/div>\n\t\t<div class=\"elementor-element elementor-element-4e0b3a77 e-con-full e-flex e-con e-parent\" data-id=\"4e0b3a77\" data-element_type=\"container\" data-settings=\"{&quot;background_background&quot;:&quot;gradient&quot;}\">\n\t\t<div class=\"elementor-element elementor-element-f1325b9 e-con-full e-flex e-con e-child\" data-id=\"f1325b9\" data-element_type=\"container\">\n\t\t\t\t<div class=\"elementor-element elementor-element-40289e2f elementor-widget__width-initial elementor-widget-tablet__width-initial elementor-widget-mobile__width-initial elementor-invisible elementor-widget elementor-widget-icon-box\" data-id=\"40289e2f\" data-element_type=\"widget\" data-settings=\"{&quot;_animation&quot;:&quot;fadeInUp&quot;}\" data-widget_type=\"icon-box.default\">\n\t\t\t\t<div class=\"elementor-widget-container\">\n\t\t\t\t\t\t\t<div class=\"elementor-icon-box-wrapper\">\n\n\t\t\t\n\t\t\t\t\t\t<div class=\"elementor-icon-box-content\">\n\n\t\t\t\t\t\t\t\t\t<h3 class=\"elementor-icon-box-title\">\n\t\t\t\t\t\t<span  >\n\t\t\t\t\t\t\tPr\u00e9sence de Dieu\t\t\t\t\t\t<\/span>\n\t\t\t\t\t<\/h3>\n\t\t\t\t\n\t\t\t\t\t\t\t\t\t<p class=\"elementor-icon-box-description\">\n\t\t\t\t\t\tNous cherchons, honorons et cultivons la pr\u00e9sence du Saint-Esprit dans toutes nos activit\u00e9s.\n\u00ab Ma pr\u00e9sence ira avec toi, et je te donnerai du repos. \u00bb \u2014 Exode 33:14\n\t\t\t\t\t<\/p>\n\t\t\t\t\n\t\t\t<\/div>\n\t\t\t\n\t\t<\/div>\n\t\t\t\t\t\t<\/div>\n\t\t\t\t<\/div>\n\t\t\t\t<div class=\"elementor-element elementor-element-be32d71 elementor-widget__width-initial elementor-widget-tablet__width-initial elementor-widget-mobile__width-initial elementor-invisible elementor-widget elementor-widget-icon-box\" data-id=\"be32d71\" data-element_type=\"widget\" data-settings=\"{&quot;_animation&quot;:&quot;fadeInUp&quot;}\" data-widget_type=\"icon-box.default\">\n\t\t\t\t<div class=\"elementor-widget-container\">\n\t\t\t\t\t\t\t<div class=\"elementor-icon-box-wrapper\">\n\n\t\t\t\n\t\t\t\t\t\t<div class=\"elementor-icon-box-content\">\n\n\t\t\t\t\t\t\t\t\t<h3 class=\"elementor-icon-box-title\">\n\t\t\t\t\t\t<span  >\n\t\t\t\t\t\t\tTransformation\t\t\t\t\t\t<\/span>\n\t\t\t\t\t<\/h3>\n\t\t\t\t\n\t\t\t\t\t\t\t\t\t<p class=\"elementor-icon-box-description\">\n\t\t\t\t\t\tNous croyons que l\u2019\u00c9vangile transforme radicalement les vies par la puissance du Saint-Esprit.\n\u00ab Si quelqu\u2019un est en Christ, il est une nouvelle cr\u00e9ature\u2026 \u00bb \u2014 2 Corinthiens 5:17\n\t\t\t\t\t<\/p>\n\t\t\t\t\n\t\t\t<\/div>\n\t\t\t\n\t\t<\/div>\n\t\t\t\t\t\t<\/div>\n\t\t\t\t<\/div>\n\t\t\t\t<div class=\"elementor-element elementor-element-7e259097 elementor-widget__width-initial elementor-widget-tablet__width-initial elementor-widget-mobile__width-initial elementor-invisible elementor-widget elementor-widget-icon-box\" data-id=\"7e259097\" data-element_type=\"widget\" data-settings=\"{&quot;_animation&quot;:&quot;fadeInUp&quot;,&quot;_animation_delay&quot;:100}\" data-widget_type=\"icon-box.default\">\n\t\t\t\t<div class=\"elementor-widget-container\">\n\t\t\t\t\t\t\t<div class=\"elementor-icon-box-wrapper\">\n\n\t\t\t\n\t\t\t\t\t\t<div class=\"elementor-icon-box-content\">\n\n\t\t\t\t\t\t\t\t\t<h3 class=\"elementor-icon-box-title\">\n\t\t\t\t\t\t<span  >\n\t\t\t\t\t\t\tService\t\t\t\t\t\t<\/span>\n\t\t\t\t\t<\/h3>\n\t\t\t\t\n\t\t\t\t\t\t\t\t\t<p class=\"elementor-icon-box-description\">\n\t\t\t\t\t\tNous servons avec amour, humilit\u00e9 et excellence, suivant l\u2019exemple de Christ.\n\u00ab Le Fils de l\u2019homme est venu, non pour \u00eatre servi, mais pour servir\u2026 \u00bb \u2014 Matthieu 20:28\n\t\t\t\t\t<\/p>\n\t\t\t\t\n\t\t\t<\/div>\n\t\t\t\n\t\t<\/div>\n\t\t\t\t\t\t<\/div>\n\t\t\t\t<\/div>\n\t\t\t\t<div class=\"elementor-element elementor-element-563901c6 elementor-widget__width-initial elementor-widget-tablet__width-initial elementor-widget-mobile__width-initial elementor-invisible elementor-widget elementor-widget-icon-box\" data-id=\"563901c6\" data-element_type=\"widget\" data-settings=\"{&quot;_animation&quot;:&quot;fadeInUp&quot;,&quot;_animation_delay&quot;:200}\" data-widget_type=\"icon-box.default\">\n\t\t\t\t<div class=\"elementor-widget-container\">\n\t\t\t\t\t\t\t<div class=\"elementor-icon-box-wrapper\">\n\n\t\t\t\n\t\t\t\t\t\t<div class=\"elementor-icon-box-content\">\n\n\t\t\t\t\t\t\t\t\t<h3 class=\"elementor-icon-box-title\">\n\t\t\t\t\t\t<span  >\n\t\t\t\t\t\t\tInt\u00e9grit\u00e9\t\t\t\t\t\t<\/span>\n\t\t\t\t\t<\/h3>\n\t\t\t\t\n\t\t\t\t\t\t\t\t\t<p class=\"elementor-icon-box-description\">\n\t\t\t\t\t\tNous vivons selon des valeurs bibliques, dans la v\u00e9rit\u00e9, l\u2019honn\u00eatet\u00e9 et la transparence.\n\u00ab Celui qui marche dans l\u2019int\u00e9grit\u00e9 marche avec assurance. \u00bb \u2014 Proverbes 10:9\n\t\t\t\t\t<\/p>\n\t\t\t\t\n\t\t\t<\/div>\n\t\t\t\n\t\t<\/div>\n\t\t\t\t\t\t<\/div>\n\t\t\t\t<\/div>\n\t\t\t\t<\/div>\n\t\t<div class=\"elementor-element elementor-element-b7b5957 e-flex e-con-boxed e-con e-child\" data-id=\"b7b5957\" data-element_type=\"container\">\n\t\t\t\t\t<div class=\"e-con-inner\">\n\t\t\t\t<div class=\"elementor-element elementor-element-1cce823 elementor-widget__width-initial elementor-widget-tablet__width-initial elementor-widget-mobile__width-initial elementor-invisible elementor-widget elementor-widget-icon-box\" data-id=\"1cce823\" data-element_type=\"widget\" data-settings=\"{&quot;_animation&quot;:&quot;fadeInUp&quot;}\" data-widget_type=\"icon-box.default\">\n\t\t\t\t<div class=\"elementor-widget-container\">\n\t\t\t\t\t\t\t<div class=\"elementor-icon-box-wrapper\">\n\n\t\t\t\n\t\t\t\t\t\t<div class=\"elementor-icon-box-content\">\n\n\t\t\t\t\t\t\t\t\t<h3 class=\"elementor-icon-box-title\">\n\t\t\t\t\t\t<span  >\n\t\t\t\t\t\t\tEducation\t\t\t\t\t\t<\/span>\n\t\t\t\t\t<\/h3>\n\t\t\t\t\n\t\t\t\t\t\t\t\t\t<p class=\"elementor-icon-box-description\">\n\t\t\t\t\t\tNous croyons que la croissance spirituelle et intellectuelle lib\u00e8re le potentiel de chacun pour le Royaume.\n\u00ab Mon peuple est d\u00e9truit, parce qu\u2019il lui manque la connaissance. \u00bb \u2014 Os\u00e9e 4:6\n\t\t\t\t\t<\/p>\n\t\t\t\t\n\t\t\t<\/div>\n\t\t\t\n\t\t<\/div>\n\t\t\t\t\t\t<\/div>\n\t\t\t\t<\/div>\n\t\t\t\t<div class=\"elementor-element elementor-element-ee2fbc8 elementor-widget__width-initial elementor-widget-tablet__width-initial elementor-widget-mobile__width-initial elementor-invisible elementor-widget elementor-widget-icon-box\" data-id=\"ee2fbc8\" data-element_type=\"widget\" data-settings=\"{&quot;_animation&quot;:&quot;fadeInUp&quot;}\" data-widget_type=\"icon-box.default\">\n\t\t\t\t<div class=\"elementor-widget-container\">\n\t\t\t\t\t\t\t<div class=\"elementor-icon-box-wrapper\">\n\n\t\t\t\n\t\t\t\t\t\t<div class=\"elementor-icon-box-content\">\n\n\t\t\t\t\t\t\t\t\t<h3 class=\"elementor-icon-box-title\">\n\t\t\t\t\t\t<span  >\n\t\t\t\t\t\t\tImpact\t\t\t\t\t\t<\/span>\n\t\t\t\t\t<\/h3>\n\t\t\t\t\n\t\t\t\t\t\t\t\t\t<p class=\"elementor-icon-box-description\">\n\t\t\t\t\t\tNous croyons que chaque croyant est une r\u00e9ponse de Dieu pour transformer sa ville.\n\u00ab Recherchez la paix de la ville\u2026 et priez l\u2019\u00c9ternel en sa faveur. \u00bb \u2014 J\u00e9r\u00e9mie 29:7\n\t\t\t\t\t<\/p>\n\t\t\t\t\n\t\t\t<\/div>\n\t\t\t\n\t\t<\/div>\n\t\t\t\t\t\t<\/div>\n\t\t\t\t<\/div>\n\t\t\t\t<div class=\"elementor-element elementor-element-6b412b3 elementor-widget__width-initial elementor-widget-tablet__width-initial elementor-widget-mobile__width-initial elementor-invisible elementor-widget elementor-widget-icon-box\" data-id=\"6b412b3\" data-element_type=\"widget\" data-settings=\"{&quot;_animation&quot;:&quot;fadeInUp&quot;,&quot;_animation_delay&quot;:100}\" data-widget_type=\"icon-box.default\">\n\t\t\t\t<div class=\"elementor-widget-container\">\n\t\t\t\t\t\t\t<div class=\"elementor-icon-box-wrapper\">\n\n\t\t\t\n\t\t\t\t\t\t<div class=\"elementor-icon-box-content\">\n\n\t\t\t\t\t\t\t\t\t<h3 class=\"elementor-icon-box-title\">\n\t\t\t\t\t\t<span  >\n\t\t\t\t\t\t\tCompassion\t\t\t\t\t\t<\/span>\n\t\t\t\t\t<\/h3>\n\t\t\t\t\n\t\t\t\t\t\t\t\t\t<p class=\"elementor-icon-box-description\">\n\t\t\t\t\t\tNous agissons avec amour envers les plus vuln\u00e9rables, suivant le c\u0153ur du P\u00e8re.\n\u00ab Ce que vous avez fait \u00e0 l\u2019un de ces plus petits\u2026 c\u2019est \u00e0 moi que vous l\u2019avez fait. \u00bb \u2014 Matthieu 25:40\n\t\t\t\t\t<\/p>\n\t\t\t\t\n\t\t\t<\/div>\n\t\t\t\n\t\t<\/div>\n\t\t\t\t\t\t<\/div>\n\t\t\t\t<\/div>\n\t\t\t\t\t<\/div>\n\t\t\t\t<\/div>\n\t\t\t\t<\/div>\n\t\t\t\t<\/div>\n\t\t","protected":false},"excerpt":{"rendered":"<p>Notre histoire: La naissance du Palais de Gloire \u00ab Quand Dieu appelle, Il confirme \u2014 et lorsque nous ob\u00e9issons, Sa gloire suit. \u00bb Pendant huit ans, de 2016 \u00e0 2024, nous avons v\u00e9cu au Ghana \u2014 une saison de pr\u00e9paration silencieuse, de croissance spirituelle et d\u2019intimit\u00e9 avec Dieu. Mais en 2022, tout a chang\u00e9.L\u2019Esprit de [&hellip;]<\/p>\n","protected":false},"author":1,"featured_media":0,"parent":0,"menu_order":0,"comment_status":"closed","ping_status":"closed","template":"","meta":{"footnotes":""},"class_list":["post-17","page","type-page","status-publish","hentry"],"_links":{"self":[{"href":"https:\/\/palaisdegloire.org\/index.php?rest_route=\/wp\/v2\/pages\/17","targetHints":{"allow":["GET"]}}],"collection":[{"href":"https:\/\/palaisdegloire.org\/index.php?rest_route=\/wp\/v2\/pages"}],"about":[{"href":"https:\/\/palaisdegloire.org\/index.php?rest_route=\/wp\/v2\/types\/page"}],"author":[{"embeddable":true,"href":"https:\/\/palaisdegloire.org\/index.php?rest_route=\/wp\/v2\/users\/1"}],"replies":[{"embeddable":true,"href":"https:\/\/palaisdegloire.org\/index.php?rest_route=%2Fwp%2Fv2%2Fcomments&post=17"}],"version-history":[{"count":133,"href":"https:\/\/palaisdegloire.org\/index.php?rest_route=\/wp\/v2\/pages\/17\/revisions"}],"predecessor-version":[{"id":1546,"href":"https:\/\/palaisdegloire.org\/index.php?rest_route=\/wp\/v2\/pages\/17\/revisions\/1546"}],"wp:attachment":[{"href":"https:\/\/palaisdegloire.org\/index.php?rest_route=%2Fwp%2Fv2%2Fmedia&parent=17"}],"curies":[{"name":"wp","href":"https:\/\/api.w.org\/{rel}","templated":true}]}}