{"id":1340,"date":"2025-06-10T16:43:58","date_gmt":"2025-06-10T15:43:58","guid":{"rendered":"https:\/\/palaisdegloire.org\/?page_id=1340"},"modified":"2025-07-23T12:19:11","modified_gmt":"2025-07-23T11:19:11","slug":"projet-de-construction","status":"publish","type":"page","link":"https:\/\/palaisdegloire.org\/?page_id=1340","title":{"rendered":"Projet de Construction"},"content":{"rendered":"\t\t<div data-elementor-type=\"wp-page\" data-elementor-id=\"1340\" class=\"elementor elementor-1340\" data-elementor-post-type=\"page\">\n\t\t\t\t<div class=\"elementor-element elementor-element-7035055 e-flex e-con-boxed e-con e-parent\" data-id=\"7035055\" data-element_type=\"container\">\n\t\t\t\t\t<div class=\"e-con-inner\">\n\t\t\t\t<div class=\"elementor-element elementor-element-fbb642f elementor-widget elementor-widget-image\" data-id=\"fbb642f\" data-element_type=\"widget\" data-widget_type=\"image.default\">\n\t\t\t\t<div class=\"elementor-widget-container\">\n\t\t\t\t\t\t\t\t\t\t\t\t\t\t\t<img fetchpriority=\"high\" decoding=\"async\" width=\"1024\" height=\"576\" src=\"https:\/\/palaisdegloire.org\/wp-content\/uploads\/2025\/06\/Marquette-4-New-1024x576.jpg\" class=\"attachment-large size-large wp-image-1041\" alt=\"\" srcset=\"https:\/\/palaisdegloire.org\/wp-content\/uploads\/2025\/06\/Marquette-4-New-1024x576.jpg 1024w, https:\/\/palaisdegloire.org\/wp-content\/uploads\/2025\/06\/Marquette-4-New-300x169.jpg 300w, https:\/\/palaisdegloire.org\/wp-content\/uploads\/2025\/06\/Marquette-4-New-768x432.jpg 768w, https:\/\/palaisdegloire.org\/wp-content\/uploads\/2025\/06\/Marquette-4-New-1536x864.jpg 1536w, https:\/\/palaisdegloire.org\/wp-content\/uploads\/2025\/06\/Marquette-4-New-2048x1152.jpg 2048w\" sizes=\"(max-width: 1024px) 100vw, 1024px\" \/>\t\t\t\t\t\t\t\t\t\t\t\t\t\t\t<\/div>\n\t\t\t\t<\/div>\n\t\t\t\t\t<\/div>\n\t\t\t\t<\/div>\n\t\t<div class=\"elementor-element elementor-element-a83ef1b e-flex e-con-boxed e-con e-parent\" data-id=\"a83ef1b\" data-element_type=\"container\">\n\t\t\t\t\t<div class=\"e-con-inner\">\n\t\t\t\t<div class=\"elementor-element elementor-element-218d630 elementor-widget__width-initial elementor-widget elementor-widget-icon-box\" data-id=\"218d630\" data-element_type=\"widget\" data-widget_type=\"icon-box.default\">\n\t\t\t\t<div class=\"elementor-widget-container\">\n\t\t\t\t\t\t\t<div class=\"elementor-icon-box-wrapper\">\n\n\t\t\t\n\t\t\t\t\t\t<div class=\"elementor-icon-box-content\">\n\n\t\t\t\t\t\t\t\t\t<h3 class=\"elementor-icon-box-title\">\n\t\t\t\t\t\t<span  >\n\t\t\t\t\t\t\tPalais de Gloire \u2013 Un Lieu Pour la Pr\u00e9sence de Dieu\t\t\t\t\t\t<\/span>\n\t\t\t\t\t<\/h3>\n\t\t\t\t\n\t\t\t\t\t\t\t\t\t<p class=\"elementor-icon-box-description\">\n\t\t\t\t\t\t\u00ab B\u00e2tissons ensemble une maison pour le Seigneur \u00bb\t\t\t\t\t<\/p>\n\t\t\t\t\n\t\t\t<\/div>\n\t\t\t\n\t\t<\/div>\n\t\t\t\t\t\t<\/div>\n\t\t\t\t<\/div>\n\t\t\t\t\t<\/div>\n\t\t\t\t<\/div>\n\t\t<div class=\"elementor-element elementor-element-cbdbfe3 e-flex e-con-boxed e-con e-parent\" data-id=\"cbdbfe3\" data-element_type=\"container\">\n\t\t\t\t\t<div class=\"e-con-inner\">\n\t\t\t\t\t<\/div>\n\t\t\t\t<\/div>\n\t\t<div class=\"elementor-element elementor-element-5496d65f e-con-full e-flex e-con e-parent\" data-id=\"5496d65f\" data-element_type=\"container\" data-settings=\"{&quot;background_background&quot;:&quot;classic&quot;}\">\n\t\t<div class=\"elementor-element elementor-element-73e9f68 e-con-full e-flex e-con e-child\" data-id=\"73e9f68\" data-element_type=\"container\">\n\t\t\t\t<div class=\"elementor-element elementor-element-311c88f6 elementor-invisible elementor-widget elementor-widget-heading\" data-id=\"311c88f6\" data-element_type=\"widget\" data-settings=\"{&quot;_animation&quot;:&quot;fadeInUp&quot;}\" data-widget_type=\"heading.default\">\n\t\t\t\t<div class=\"elementor-widget-container\">\n\t\t\t\t\t<h2 class=\"elementor-heading-title elementor-size-default\">Le Projet<\/h2>\t\t\t\t<\/div>\n\t\t\t\t<\/div>\n\t\t\t\t<div class=\"elementor-element elementor-element-6dd7694e elementor-widget__width-initial elementor-invisible elementor-widget elementor-widget-heading\" data-id=\"6dd7694e\" data-element_type=\"widget\" data-settings=\"{&quot;_animation&quot;:&quot;fadeInUp&quot;}\" data-widget_type=\"heading.default\">\n\t\t\t\t<div class=\"elementor-widget-container\">\n\t\t\t\t\t<h3 class=\"elementor-heading-title elementor-size-default\">Le Palais de Gloire est bien plus qu\u2019un b\u00e2timent. C\u2019est une vision que Dieu a d\u00e9pos\u00e9e dans nos c\u0153urs : \u00e9riger un sanctuaire d\u00e9di\u00e9 \u00e0 l\u2019adoration, \u00e0 l\u2019enseignement de la Parole, \u00e0 la pri\u00e8re fervente, et \u00e0 l\u2019\u00e9quipement des disciples du Royaume.<\/h3>\t\t\t\t<\/div>\n\t\t\t\t<\/div>\n\t\t\t\t<\/div>\n\t\t<div class=\"elementor-element elementor-element-4895f951 e-con-full e-flex e-con e-child\" data-id=\"4895f951\" data-element_type=\"container\">\n\t\t\t\t<div class=\"elementor-element elementor-element-c51de9f elementor-widget elementor-widget-text-editor\" data-id=\"c51de9f\" data-element_type=\"widget\" data-widget_type=\"text-editor.default\">\n\t\t\t\t<div class=\"elementor-widget-container\">\n\t\t\t\t\t\t\t\t\t<p data-start=\"674\" data-end=\"768\">Ce projet ambitieux verra le jour \u00e0 <strong data-start=\"710\" data-end=\"721\">Cotonou<\/strong>, sur un terrain de <strong data-start=\"741\" data-end=\"751\">800 m\u00b2<\/strong>, et comprendra :<\/p><ul data-start=\"770\" data-end=\"1082\"><li data-start=\"770\" data-end=\"818\"><p data-start=\"772\" data-end=\"818\">Une <strong data-start=\"776\" data-end=\"800\">\u00e9glise de 700 places<\/strong> (rez-de-chauss\u00e9e)<\/p><\/li><li data-start=\"819\" data-end=\"874\"><p data-start=\"821\" data-end=\"874\">Un <strong data-start=\"824\" data-end=\"874\">centre d\u2019enseignement et de formation biblique<\/strong><\/p><\/li><li data-start=\"875\" data-end=\"899\"><p data-start=\"877\" data-end=\"899\">Une <strong data-start=\"881\" data-end=\"899\">tour de pri\u00e8re<\/strong><\/p><\/li><li data-start=\"900\" data-end=\"964\"><p data-start=\"902\" data-end=\"964\">Des <strong data-start=\"906\" data-end=\"929\">salles polyvalentes<\/strong> pour jeunes, enfants et minist\u00e8res<\/p><\/li><li data-start=\"965\" data-end=\"1019\"><p data-start=\"967\" data-end=\"1019\">Des <strong data-start=\"971\" data-end=\"997\">bureaux administratifs<\/strong> et <strong data-start=\"1001\" data-end=\"1019\">studios m\u00e9dias<\/strong><\/p><\/li><li data-start=\"1020\" data-end=\"1082\"><p data-start=\"1022\" data-end=\"1082\">Une <strong data-start=\"1026\" data-end=\"1049\">r\u00e9sidence pastorale<\/strong> et <strong data-start=\"1053\" data-end=\"1082\">h\u00e9bergements pour invit\u00e9s<\/strong><\/p><\/li><\/ul><p data-start=\"1084\" data-end=\"1205\">Chaque espace est pens\u00e9 pour favoriser la croissance spirituelle, le service communautaire et la transformation des vies.<\/p>\t\t\t\t\t\t\t\t<\/div>\n\t\t\t\t<\/div>\n\t\t\t\t<\/div>\n\t\t\t\t<\/div>\n\t\t<div class=\"elementor-element elementor-element-abb9fbb e-flex e-con-boxed e-con e-parent\" data-id=\"abb9fbb\" data-element_type=\"container\">\n\t\t\t\t\t<div class=\"e-con-inner\">\n\t\t\t\t\t<\/div>\n\t\t\t\t<\/div>\n\t\t<div class=\"elementor-element elementor-element-23fe22a e-con-full e-flex e-con e-parent\" data-id=\"23fe22a\" data-element_type=\"container\" data-settings=\"{&quot;background_background&quot;:&quot;classic&quot;}\">\n\t\t<div class=\"elementor-element elementor-element-573e5f2 e-con-full e-flex e-con e-child\" data-id=\"573e5f2\" data-element_type=\"container\">\n\t\t\t\t<div class=\"elementor-element elementor-element-9ae24dd elementor-widget__width-initial elementor-invisible elementor-widget elementor-widget-heading\" data-id=\"9ae24dd\" data-element_type=\"widget\" data-settings=\"{&quot;_animation&quot;:&quot;fadeInUp&quot;}\" data-widget_type=\"heading.default\">\n\t\t\t\t<div class=\"elementor-widget-container\">\n\t\t\t\t\t<h2 class=\"elementor-heading-title elementor-size-default\"> Phase actuelle : <\/h2>\t\t\t\t<\/div>\n\t\t\t\t<\/div>\n\t\t\t\t<div class=\"elementor-element elementor-element-6a0fff4 elementor-widget__width-initial elementor-invisible elementor-widget elementor-widget-heading\" data-id=\"6a0fff4\" data-element_type=\"widget\" data-settings=\"{&quot;_animation&quot;:&quot;fadeInUp&quot;}\" data-widget_type=\"heading.default\">\n\t\t\t\t<div class=\"elementor-widget-container\">\n\t\t\t\t\t<h3 class=\"elementor-heading-title elementor-size-default\">Planification & Lancement<\/h3>\t\t\t\t<\/div>\n\t\t\t\t<\/div>\n\t\t\t\t<\/div>\n\t\t<div class=\"elementor-element elementor-element-25a5cba e-con-full e-flex e-con e-child\" data-id=\"25a5cba\" data-element_type=\"container\">\n\t\t\t\t<div class=\"elementor-element elementor-element-56ceae3 elementor-widget elementor-widget-text-editor\" data-id=\"56ceae3\" data-element_type=\"widget\" data-widget_type=\"text-editor.default\">\n\t\t\t\t<div class=\"elementor-widget-container\">\n\t\t\t\t\t\t\t\t\t<p data-start=\"1263\" data-end=\"1280\">Nous avons d\u00e9j\u00e0 :<\/p><ul><li data-start=\"1282\" data-end=\"1365\">Le terrain<\/li><li data-start=\"1282\" data-end=\"1365\">Les premiers plans architecturaux<\/li><li data-start=\"1282\" data-end=\"1365\">Une \u00e9quipe de projet motiv\u00e9e<\/li><\/ul><p data-start=\"1367\" data-end=\"1452\">Prochaine \u00e9tape : <strong data-start=\"1385\" data-end=\"1413\">le d\u00e9marrage des travaux<\/strong>. Pour cela, nous avons besoin de vous.<\/p>\t\t\t\t\t\t\t\t<\/div>\n\t\t\t\t<\/div>\n\t\t\t\t<\/div>\n\t\t\t\t<\/div>\n\t\t<div class=\"elementor-element elementor-element-df448f9 e-con-full e-flex e-con e-parent\" data-id=\"df448f9\" data-element_type=\"container\" data-settings=\"{&quot;background_background&quot;:&quot;classic&quot;}\">\n\t\t<div class=\"elementor-element elementor-element-c885190 e-con-full e-flex e-con e-child\" data-id=\"c885190\" data-element_type=\"container\">\n\t\t\t\t<div class=\"elementor-element elementor-element-177c480 elementor-widget__width-initial elementor-invisible elementor-widget elementor-widget-heading\" data-id=\"177c480\" data-element_type=\"widget\" data-settings=\"{&quot;_animation&quot;:&quot;fadeInUp&quot;}\" data-widget_type=\"heading.default\">\n\t\t\t\t<div class=\"elementor-widget-container\">\n\t\t\t\t\t<h2 class=\"elementor-heading-title elementor-size-default\">Comment participer ?<\/h2>\t\t\t\t<\/div>\n\t\t\t\t<\/div>\n\t\t\t\t<div class=\"elementor-element elementor-element-c38f703 elementor-widget__width-initial elementor-invisible elementor-widget elementor-widget-heading\" data-id=\"c38f703\" data-element_type=\"widget\" data-settings=\"{&quot;_animation&quot;:&quot;fadeInUp&quot;}\" data-widget_type=\"heading.default\">\n\t\t\t\t<div class=\"elementor-widget-container\">\n\t\t\t\t\t<h3 class=\"elementor-heading-title elementor-size-default\">Ce projet est enti\u00e8rement financ\u00e9 par des dons. Chaque contribution, grande ou petite, est pr\u00e9cieuse.<\/h3>\t\t\t\t<\/div>\n\t\t\t\t<\/div>\n\t\t\t\t<\/div>\n\t\t<div class=\"elementor-element elementor-element-36533bc e-con-full e-flex e-con e-child\" data-id=\"36533bc\" data-element_type=\"container\">\n\t\t\t\t<div class=\"elementor-element elementor-element-bb1f369 elementor-widget elementor-widget-text-editor\" data-id=\"bb1f369\" data-element_type=\"widget\" data-widget_type=\"text-editor.default\">\n\t\t\t\t<div class=\"elementor-widget-container\">\n\t\t\t\t\t\t\t\t\t<p data-start=\"1595\" data-end=\"1637\"><strong>Objectif de collecte : 120 000 \u20ac<\/strong><\/p><p data-start=\"1638\" data-end=\"1729\"><em data-start=\"1638\" data-end=\"1729\">(pour la premi\u00e8re phase de construction : fondations + sanctuaire + niveaux sup\u00e9rieurs)<\/em><\/p><p data-start=\"1731\" data-end=\"1744\">Vous pouvez :<\/p><ul data-start=\"1746\" data-end=\"1859\"><li data-start=\"1746\" data-end=\"1771\"><p data-start=\"1748\" data-end=\"1771\">Faire un <strong data-start=\"1757\" data-end=\"1771\">don unique<\/strong><\/p><\/li><li data-start=\"1772\" data-end=\"1804\"><p data-start=\"1774\" data-end=\"1804\">Devenir <strong data-start=\"1782\" data-end=\"1804\">partenaire mensuel<\/strong><\/p><\/li><li data-start=\"1805\" data-end=\"1859\"><p data-start=\"1807\" data-end=\"1859\">Parrainer une <strong data-start=\"1821\" data-end=\"1859\">salle, une chaise ou un \u00e9quipement<\/strong><\/p><\/li><\/ul>\t\t\t\t\t\t\t\t<\/div>\n\t\t\t\t<\/div>\n\t\t\t\t<\/div>\n\t\t\t\t<\/div>\n\t\t<div class=\"elementor-element elementor-element-169681c e-flex e-con-boxed e-con e-parent\" data-id=\"169681c\" data-element_type=\"container\">\n\t\t\t\t\t<div class=\"e-con-inner\">\n\t\t\t\t\t<\/div>\n\t\t\t\t<\/div>\n\t\t<div class=\"elementor-element elementor-element-5ec1ec9 e-flex e-con-boxed e-con e-parent\" data-id=\"5ec1ec9\" data-element_type=\"container\">\n\t\t\t\t\t<div class=\"e-con-inner\">\n\t\t\t\t<div class=\"elementor-element elementor-element-8f3f375 elementor-widget__width-initial elementor-widget elementor-widget-text-editor\" data-id=\"8f3f375\" data-element_type=\"widget\" data-widget_type=\"text-editor.default\">\n\t\t\t\t<div class=\"elementor-widget-container\">\n\t\t\t\t\t\t\t\t\t<h5 data-start=\"1866\" data-end=\"1890\"><strong>Pourquoi donner ?<\/strong><\/h5><ul data-start=\"1892\" data-end=\"2068\"><li data-start=\"1892\" data-end=\"1953\"><p data-start=\"1894\" data-end=\"1953\">Pour <strong data-start=\"1899\" data-end=\"1915\">honorer Dieu<\/strong> en b\u00e2tissant un lieu pour Sa gloire<\/p><\/li><li data-start=\"1954\" data-end=\"2002\"><p data-start=\"1956\" data-end=\"2002\">Pour <strong data-start=\"1961\" data-end=\"2000\">investir dans des vies transform\u00e9es<\/strong><\/p><\/li><li data-start=\"2003\" data-end=\"2068\"><p data-start=\"2005\" data-end=\"2068\">Pour <strong data-start=\"2010\" data-end=\"2068\">soutenir une \u0153uvre locale d\u2019impact spirituel et social<\/strong><\/p><\/li><\/ul><blockquote data-start=\"2070\" data-end=\"2199\"><p data-start=\"2072\" data-end=\"2199\">\u00ab Ils dirent \u00e0 Mo\u00efse : Le peuple apporte plus qu\u2019il ne faut pour ex\u00e9cuter l\u2019ouvrage que l\u2019\u00c9ternel a ordonn\u00e9. \u00bb<br data-start=\"2182\" data-end=\"2185\" \/><em data-start=\"2187\" data-end=\"2199\">Exode 36:5<\/em><\/p><\/blockquote><hr data-start=\"2201\" data-end=\"2204\" \/><h5 data-start=\"2206\" data-end=\"2236\"><strong>Faire un don maintenant<\/strong><\/h5><p data-start=\"2238\" data-end=\"2388\">[<strong data-start=\"2239\" data-end=\"2251\">Je donne<\/strong>] <em data-start=\"2253\" data-end=\"2303\">(bouton cliquable vers une plateforme s\u00e9curis\u00e9e)<\/em><br data-start=\"2303\" data-end=\"2306\" \/>Modes de paiement disponibles:\u00a0<\/p><p class=\"\" data-start=\"1207\" data-end=\"1400\"><strong>&#8211; Virement bancaire:\u00a0<\/strong>Banque Atlantique Benin &#8211; IBAN: BJ115 01010 34601800008-43\u00a0 &#8211; Swift: ATBJBJBJXXX &#8211; Intitul\u00e9 du compte: ODJO Ousmane Adjaho &#8211; No du compte en XOF:\u00a0 34601800008 &#8211; Pays: Cotonou &#8211; BENIN<\/p><p class=\"\" data-start=\"1207\" data-end=\"1400\"><strong>&#8211; Mobile Money :\u00a0<\/strong>01 53 00 00 92<\/p><p><strong>&#8211;\u00a0<a href=\"http:\/\/paypal.me\/Palaisdegloire2025\">PayPal<\/a><\/strong><\/p><blockquote data-start=\"1402\" data-end=\"1463\"><p class=\"\" data-start=\"1404\" data-end=\"1463\"><strong data-start=\"1404\" data-end=\"1463\">Aucun don n\u2019est trop petit quand il est donn\u00e9 avec foi.<\/strong><\/p><\/blockquote><hr data-start=\"2390\" data-end=\"2393\" \/><h5 data-start=\"2395\" data-end=\"2421\">Suivez l&#8217;avancement<\/h5><p data-start=\"2423\" data-end=\"2528\">Des mises \u00e0 jour r\u00e9guli\u00e8res (photos, vid\u00e9os, t\u00e9moignages) seront publi\u00e9es ici.<\/p>\t\t\t\t\t\t\t\t<\/div>\n\t\t\t\t<\/div>\n\t\t\t\t\t<\/div>\n\t\t\t\t<\/div>\n\t\t\t\t<\/div>\n\t\t","protected":false},"excerpt":{"rendered":"<p>Palais de Gloire \u2013 Un Lieu Pour la Pr\u00e9sence de Dieu \u00ab B\u00e2tissons ensemble une maison pour le Seigneur \u00bb Le Projet Le Palais de Gloire est bien plus qu\u2019un b\u00e2timent. C\u2019est une vision que Dieu a d\u00e9pos\u00e9e dans nos c\u0153urs : \u00e9riger un sanctuaire d\u00e9di\u00e9 \u00e0 l\u2019adoration, \u00e0 l\u2019enseignement de la Parole, \u00e0 la [&hellip;]<\/p>\n","protected":false},"author":1,"featured_media":0,"parent":0,"menu_order":0,"comment_status":"closed","ping_status":"closed","template":"","meta":{"footnotes":""},"class_list":["post-1340","page","type-page","status-publish","hentry"],"_links":{"self":[{"href":"https:\/\/palaisdegloire.org\/index.php?rest_route=\/wp\/v2\/pages\/1340","targetHints":{"allow":["GET"]}}],"collection":[{"href":"https:\/\/palaisdegloire.org\/index.php?rest_route=\/wp\/v2\/pages"}],"about":[{"href":"https:\/\/palaisdegloire.org\/index.php?rest_route=\/wp\/v2\/types\/page"}],"author":[{"embeddable":true,"href":"https:\/\/palaisdegloire.org\/index.php?rest_route=\/wp\/v2\/users\/1"}],"replies":[{"embeddable":true,"href":"https:\/\/palaisdegloire.org\/index.php?rest_route=%2Fwp%2Fv2%2Fcomments&post=1340"}],"version-history":[{"count":46,"href":"https:\/\/palaisdegloire.org\/index.php?rest_route=\/wp\/v2\/pages\/1340\/revisions"}],"predecessor-version":[{"id":1609,"href":"https:\/\/palaisdegloire.org\/index.php?rest_route=\/wp\/v2\/pages\/1340\/revisions\/1609"}],"wp:attachment":[{"href":"https:\/\/palaisdegloire.org\/index.php?rest_route=%2Fwp%2Fv2%2Fmedia&parent=1340"}],"curies":[{"name":"wp","href":"https:\/\/api.w.org\/{rel}","templated":true}]}}